{"id":124,"date":"2023-03-18T15:35:11","date_gmt":"2023-03-18T15:35:11","guid":{"rendered":"https:\/\/igosiv.lt\/?page_id=124"},"modified":"2023-07-20T11:42:36","modified_gmt":"2023-07-20T11:42:36","slug":"pristatymo-salygos-atsiskaitymai","status":"publish","type":"page","link":"https:\/\/igosiv.lt\/pristatymo-salygos-atsiskaitymai\/","title":{"rendered":"Pristatymo s\u0105lygos\/Atsiskaitymai"},"content":{"rendered":"\n<p>Visos rek\u0117s yra pristatomos DPD kurjeriu arba LPExpress pa\u0161tomatu per 5 &#8211; 7 darbo dienas.<\/p>\n\n\n\n<p>Pristatymo kaina skai\u010diuojama individualiai.<\/p>\n\n\n\n<p>Atsiskaitymas u\u017e prekes &#8211; bankiniu pavedimu. Rekvizitus atsiskaitymui atsiun\u010diame j\u016bs\u0173 nurodytu el. pa\u0161tu per kelias valandas nuo u\u017esakymo gavimo.<\/p>\n","protected":false},"excerpt":{"rendered":"<p>Visos rek\u0117s yra pristatomos DPD kurjeriu arba LPExpress pa\u0161tomatu per 5 &#8211; 7 darbo dienas. Pristatymo kaina skai\u010diuojama individualiai. Atsiskaitymas u\u017e prekes &#8211; bankiniu pavedimu. Rekvizitus atsiskaitymui atsiun\u010diame j\u016bs\u0173 nurodytu el. pa\u0161tu per kelias valandas nuo u\u017esakymo gavimo.<\/p>\n","protected":false},"author":2,"featured_media":0,"parent":0,"menu_order":0,"comment_status":"closed","ping_status":"closed","template":"","meta":[],"aioseo_notices":[],"_links":{"self":[{"href":"https:\/\/igosiv.lt\/wp-json\/wp\/v2\/pages\/124"}],"collection":[{"href":"https:\/\/igosiv.lt\/wp-json\/wp\/v2\/pages"}],"about":[{"href":"https:\/\/igosiv.lt\/wp-json\/wp\/v2\/types\/page"}],"author":[{"embeddable":true,"href":"https:\/\/igosiv.lt\/wp-json\/wp\/v2\/users\/2"}],"replies":[{"embeddable":true,"href":"https:\/\/igosiv.lt\/wp-json\/wp\/v2\/comments?post=124"}],"version-history":[{"count":5,"href":"https:\/\/igosiv.lt\/wp-json\/wp\/v2\/pages\/124\/revisions"}],"predecessor-version":[{"id":1408,"href":"https:\/\/igosiv.lt\/wp-json\/wp\/v2\/pages\/124\/revisions\/1408"}],"wp:attachment":[{"href":"https:\/\/igosiv.lt\/wp-json\/wp\/v2\/media?parent=124"}],"curies":[{"name":"wp","href":"https:\/\/api.w.org\/{rel}","templated":true}]}}