{"id":49,"date":"2023-03-16T18:15:52","date_gmt":"2023-03-16T18:15:52","guid":{"rendered":"https:\/\/igosiv.lt\/homepage\/"},"modified":"2023-11-11T17:23:56","modified_gmt":"2023-11-11T17:23:56","slug":"homepage","status":"publish","type":"page","link":"https:\/\/igosiv.lt\/","title":{"rendered":"Pradinis puslapis"},"content":{"rendered":"\n<h2 class=\"wp-block-heading has-text-align-center\">AUTOMOBILI\u0172 DALYS<\/h2>\n\n\n<div class=\"woocommerce columns-4 \"><\/div>\n\n\n\n<h2 class=\"wp-block-heading has-text-align-center\">\u017dEM\u0116S \u016aKIO TECHNIKOS DALYS<\/h2>\n\n\n<div class=\"woocommerce columns-4 \"><ul class=\"products columns-4\">\n<li class=\"product type-product post-1409 status-publish first instock product_cat-deutz-fahr product_cat-grudu-kombainu-dalys product_cat-zemes-ukio-technikos-dalys has-post-thumbnail shipping-taxable purchasable product-type-simple\">\n\t<\/li>\n<li class=\"product type-product post-1359 status-publish instock product_cat-mtz product_cat-traktoriu-dalys product_cat-zemes-ukio-technikos-dalys has-post-thumbnail shipping-taxable purchasable product-type-simple\">\n\t<\/li>\n<li class=\"product type-product post-1361 status-publish instock product_cat-mtz product_cat-traktoriu-dalys product_cat-zemes-ukio-technikos-dalys has-post-thumbnail shipping-taxable purchasable product-type-simple\">\n\t<\/li>\n<li class=\"product type-product post-1364 status-publish last instock product_cat-mtz product_cat-traktoriu-dalys product_cat-zemes-ukio-technikos-dalys has-post-thumbnail shipping-taxable purchasable product-type-simple\">\n\t<\/li>\n<li class=\"product type-product post-1062 status-publish first instock product_cat-deutz-fahr product_cat-grudu-kombainu-dalys product_cat-kombainu-dalys product_cat-zemes-ukio-technikos-dalys has-post-thumbnail shipping-taxable purchasable product-type-simple\">\n\t<\/li>\n<li class=\"product type-product post-1413 status-publish instock product_cat-deutz-fahr product_cat-grudu-kombainu-dalys product_cat-john-deere product_cat-kombainu-dalys product_cat-zemes-ukio-technikos-dalys has-post-thumbnail shipping-taxable purchasable product-type-simple\">\n\t<\/li>\n<li class=\"product type-product post-1290 status-publish instock product_cat-mtz product_cat-traktoriu-dalys product_cat-zemes-ukio-technikos-dalys has-post-thumbnail shipping-taxable purchasable product-type-simple\">\n\t<\/li>\n<li class=\"product type-product post-967 status-publish last instock product_cat-anna-z-644 product_cat-bulviu-kombainu-dalys product_cat-kombainu-dalys product_cat-zemes-ukio-technikos-dalys has-post-thumbnail shipping-taxable purchasable product-type-simple\">\n\t<\/li>\n<li class=\"product type-product post-733 status-publish first instock product_cat-john-deere has-post-thumbnail shipping-taxable purchasable product-type-simple\">\n\t<\/li>\n<li class=\"product type-product post-755 status-publish instock product_cat-john-deere has-post-thumbnail shipping-taxable purchasable product-type-simple\">\n\t<\/li>\n<li class=\"product type-product post-562 status-publish instock product_cat-anna-z-644 product_cat-z-643 product_cat-bulviu-kombainu-dalys product_cat-kombainu-dalys has-post-thumbnail shipping-taxable purchasable product-type-simple\">\n\t<\/li>\n<li class=\"product type-product post-564 status-publish last instock product_cat-anna-z-644 product_cat-bulviu-kombainu-dalys product_cat-kombainu-dalys has-post-thumbnail shipping-taxable purchasable product-type-simple\">\n\t<\/li>\n<\/ul>\n<\/div>\n\n\n\n<h2 class=\"wp-block-heading has-text-align-center\">SODO TECHNIKOS DALYS<\/h2>\n\n\n<div class=\"woocommerce columns-4 \"><ul class=\"products columns-4\">\n<li class=\"product type-product post-1767 status-publish first instock product_cat-karbiuratoriu-remonto-dalys has-post-thumbnail shipping-taxable purchasable product-type-simple\">\n\t<\/li>\n<li class=\"product type-product post-1765 status-publish instock product_cat-akseleratoriaus-trosai has-post-thumbnail shipping-taxable purchasable product-type-simple\">\n\t<\/li>\n<li class=\"product type-product post-1730 status-publish instock product_cat-akseleratoriaus-trosai has-post-thumbnail shipping-taxable purchasable product-type-simple\">\n\t<\/li>\n<li class=\"product type-product post-1917 status-publish last instock product_cat-tarpines has-post-thumbnail shipping-taxable purchasable product-type-simple\">\n\t<\/li>\n<li class=\"product type-product post-1666 status-publish first instock product_cat-cilindrai product_cat-sodo-technikos-dalys product_cat-traktoriuku-dalys has-post-thumbnail shipping-taxable purchasable product-type-simple\">\n\t<\/li>\n<li class=\"product type-product post-1662 status-publish instock product_cat-cilindrai product_cat-sodo-technikos-dalys product_cat-traktoriuku-dalys has-post-thumbnail shipping-taxable purchasable product-type-simple\">\n\t<\/li>\n<li class=\"product type-product post-1669 status-publish instock product_cat-cilindrai product_cat-sodo-technikos-dalys product_cat-traktoriuku-dalys has-post-thumbnail shipping-taxable purchasable product-type-simple\">\n\t<\/li>\n<li class=\"product type-product post-1654 status-publish last instock product_cat-cilindrai product_cat-sodo-technikos-dalys product_cat-traktoriuku-dalys has-post-thumbnail shipping-taxable purchasable product-type-simple\">\n\t<\/li>\n<li class=\"product type-product post-1657 status-publish first instock product_cat-cilindrai product_cat-sodo-technikos-dalys product_cat-traktoriuku-dalys has-post-thumbnail shipping-taxable purchasable product-type-simple\">\n\t<\/li>\n<li class=\"product type-product post-1658 status-publish instock product_cat-cilindrai product_cat-sodo-technikos-dalys product_cat-traktoriuku-dalys has-post-thumbnail shipping-taxable purchasable product-type-simple\">\n\t<\/li>\n<li class=\"product type-product post-1660 status-publish instock product_cat-cilindrai product_cat-sodo-technikos-dalys product_cat-traktoriuku-dalys has-post-thumbnail shipping-taxable purchasable product-type-simple\">\n\t<\/li>\n<li class=\"product type-product post-1772 status-publish last instock product_cat-karbiuratoriu-remonto-dalys has-post-thumbnail shipping-taxable purchasable product-type-simple\">\n\t<\/li>\n<\/ul>\n<\/div>\n\n\n\n<h2 class=\"wp-block-heading has-text-align-center\">Naujienos<\/h2>\n\n\n<div data-block-name=\"woocommerce\/product-new\" class=\"wc-block-grid wp-block-product-new wc-block-product-new has-3-columns has-multiple-rows\"><ul class=\"wc-block-grid__products\"><li class=\"wc-block-grid__product\">\n\t\t\t\t<a href=\"https:\/\/igosiv.lt\/produktas\/guolis-6205-2rs-anna\/\" class=\"wc-block-grid__product-link\">\n\t\t\t\t\t\n\t\t\t\t\t<div class=\"wc-block-grid__product-image\"><img width=\"300\" height=\"225\" src=\"https:\/\/igosiv.lt\/wp-content\/uploads\/2023\/09\/2876-01__45401-300x225.jpg\" class=\"attachment-woocommerce_thumbnail size-woocommerce_thumbnail\" alt=\"Guolis 6205 2RS Anna\" decoding=\"async\" loading=\"lazy\" \/><\/div>\n\t\t\t\t\t<div class=\"wc-block-grid__product-title\">Guolis 6205 2RS Anna<\/div>\n\t\t\t\t<\/a>\n\t\t\t\t<div class=\"wc-block-grid__product-price price\"><span class=\"woocommerce-Price-amount amount\">2,00&nbsp;<span class=\"woocommerce-Price-currencySymbol\">&euro;<\/span><\/span><\/div>\n\t\t\t\t\n\t\t\t\t<div class=\"wp-block-button wc-block-grid__product-add-to-cart\"><a href=\"?add-to-cart=1956\" aria-label=\"\u012ed\u0117ti \u012f kre\u0161el\u012f: &ldquo;Guolis 6205 2RS Anna&rdquo;\" data-quantity=\"1\" data-product_id=\"1956\" data-product_sku=\"\" rel=\"nofollow\" class=\"wp-block-button__link  add_to_cart_button ajax_add_to_cart\">\u012e krep\u0161el\u012f<\/a><\/div>\n\t\t\t<\/li><li class=\"wc-block-grid__product\">\n\t\t\t\t<a href=\"https:\/\/igosiv.lt\/produktas\/pirstu-ritinelio-velenas-anna-5644600840\/\" class=\"wc-block-grid__product-link\">\n\t\t\t\t\t\n\t\t\t\t\t<div class=\"wc-block-grid__product-image\"><img width=\"300\" height=\"225\" src=\"https:\/\/igosiv.lt\/wp-content\/uploads\/2023\/09\/productimages_4dd51cba-a67a-4ae5-8134-7fb9931109cf-walek-gorki-paln-5644600840-300x225.jpg\" class=\"attachment-woocommerce_thumbnail size-woocommerce_thumbnail\" alt=\"Pir\u0161t\u0173 ritin\u0117lio velenas Anna 5644600840\" decoding=\"async\" loading=\"lazy\" \/><\/div>\n\t\t\t\t\t<div class=\"wc-block-grid__product-title\">Pir\u0161t\u0173 ritin\u0117lio velenas Anna 5644600840<\/div>\n\t\t\t\t<\/a>\n\t\t\t\t<div class=\"wc-block-grid__product-price price\"><span class=\"woocommerce-Price-amount amount\">45,50&nbsp;<span class=\"woocommerce-Price-currencySymbol\">&euro;<\/span><\/span><\/div>\n\t\t\t\t\n\t\t\t\t<div class=\"wp-block-button wc-block-grid__product-add-to-cart\"><a href=\"?add-to-cart=1953\" aria-label=\"\u012ed\u0117ti \u012f kre\u0161el\u012f: &ldquo;Pir\u0161t\u0173 ritin\u0117lio velenas Anna 5644600840&rdquo;\" data-quantity=\"1\" data-product_id=\"1953\" data-product_sku=\"\" rel=\"nofollow\" class=\"wp-block-button__link  add_to_cart_button ajax_add_to_cart\">\u012e krep\u0161el\u012f<\/a><\/div>\n\t\t\t<\/li><li class=\"wc-block-grid__product\">\n\t\t\t\t<a href=\"https:\/\/igosiv.lt\/produktas\/ikrovimo-rites-jungtis-briggs-stratton-392606\/\" class=\"wc-block-grid__product-link\">\n\t\t\t\t\t\n\t\t\t\t\t<div class=\"wc-block-grid__product-image\"><img width=\"300\" height=\"84\" src=\"https:\/\/igosiv.lt\/wp-content\/uploads\/2023\/09\/dioda-regulatora-napieci_3042-300x84.jpg\" class=\"attachment-woocommerce_thumbnail size-woocommerce_thumbnail\" alt=\"\u012ekrovimo rit\u0117s jungtis BRIGGS &amp; STRATTON 392606\" decoding=\"async\" loading=\"lazy\" \/><\/div>\n\t\t\t\t\t<div class=\"wc-block-grid__product-title\">\u012ekrovimo rit\u0117s jungtis BRIGGS &amp; STRATTON 392606<\/div>\n\t\t\t\t<\/a>\n\t\t\t\t<div class=\"wc-block-grid__product-price price\"><span class=\"woocommerce-Price-amount amount\">31,40&nbsp;<span class=\"woocommerce-Price-currencySymbol\">&euro;<\/span><\/span><\/div>\n\t\t\t\t\n\t\t\t\t<div class=\"wp-block-button wc-block-grid__product-add-to-cart\"><a href=\"?add-to-cart=1945\" aria-label=\"\u012ed\u0117ti \u012f kre\u0161el\u012f: &ldquo;\u012ekrovimo rit\u0117s jungtis BRIGGS &amp; STRATTON 392606&rdquo;\" data-quantity=\"1\" data-product_id=\"1945\" data-product_sku=\"\" rel=\"nofollow\" class=\"wp-block-button__link  add_to_cart_button ajax_add_to_cart\">\u012e krep\u0161el\u012f<\/a><\/div>\n\t\t\t<\/li><li class=\"wc-block-grid__product\">\n\t\t\t\t<a href=\"https:\/\/igosiv.lt\/produktas\/ikrovimo-rite-briggs-stratton-592829-392595-696457-691065-392602\/\" class=\"wc-block-grid__product-link\">\n\t\t\t\t\t\n\t\t\t\t\t<div class=\"wc-block-grid__product-image\"><img width=\"300\" height=\"225\" src=\"https:\/\/igosiv.lt\/wp-content\/uploads\/2023\/09\/alternator-pradnica-briggs-stratton-modele-21-29-30-31-33-38-40-44-nr-oryg-592829-392595-696457_6456-300x225.jpg\" class=\"attachment-woocommerce_thumbnail size-woocommerce_thumbnail\" alt=\"\u012ekrovimo rit\u0117 BRIGGS &amp; STRATTON 592829, 392595, 696457, 691065, 392602\" decoding=\"async\" loading=\"lazy\" \/><\/div>\n\t\t\t\t\t<div class=\"wc-block-grid__product-title\">\u012ekrovimo rit\u0117 BRIGGS &amp; STRATTON 592829, 392595, 696457, 691065, 392602<\/div>\n\t\t\t\t<\/a>\n\t\t\t\t<div class=\"wc-block-grid__product-price price\"><span class=\"woocommerce-Price-amount amount\">54,70&nbsp;<span class=\"woocommerce-Price-currencySymbol\">&euro;<\/span><\/span><\/div>\n\t\t\t\t\n\t\t\t\t<div class=\"wp-block-button wc-block-grid__product-add-to-cart\"><a href=\"?add-to-cart=1943\" aria-label=\"\u012ed\u0117ti \u012f kre\u0161el\u012f: &ldquo;\u012ekrovimo rit\u0117 BRIGGS &amp; STRATTON 592829, 392595, 696457, 691065, 392602&rdquo;\" data-quantity=\"1\" data-product_id=\"1943\" data-product_sku=\"\" rel=\"nofollow\" class=\"wp-block-button__link  add_to_cart_button ajax_add_to_cart\">\u012e krep\u0161el\u012f<\/a><\/div>\n\t\t\t<\/li><li class=\"wc-block-grid__product\">\n\t\t\t\t<a href=\"https:\/\/igosiv.lt\/produktas\/stabdziu-trosas-castel-garden-ggp-stiga-81030082-0-381030082-0\/\" class=\"wc-block-grid__product-link\">\n\t\t\t\t\t\n\t\t\t\t\t<div class=\"wc-block-grid__product-image\"><img width=\"175\" height=\"175\" src=\"https:\/\/igosiv.lt\/wp-content\/uploads\/2023\/09\/linka-napedu-castelgarden-stiga-81030082-0-1420mm-x-1250mm_6571_k.jpg\" class=\"attachment-woocommerce_thumbnail size-woocommerce_thumbnail\" alt=\"Stabd\u017ei\u0173 trosas Castel Garden, GGP, STIGA 81030082\/0, 381030082\/0\" decoding=\"async\" loading=\"lazy\" srcset=\"https:\/\/igosiv.lt\/wp-content\/uploads\/2023\/09\/linka-napedu-castelgarden-stiga-81030082-0-1420mm-x-1250mm_6571_k.jpg 175w, https:\/\/igosiv.lt\/wp-content\/uploads\/2023\/09\/linka-napedu-castelgarden-stiga-81030082-0-1420mm-x-1250mm_6571_k-100x100.jpg 100w, https:\/\/igosiv.lt\/wp-content\/uploads\/2023\/09\/linka-napedu-castelgarden-stiga-81030082-0-1420mm-x-1250mm_6571_k-150x150.jpg 150w\" sizes=\"(max-width: 175px) 100vw, 175px\" \/><\/div>\n\t\t\t\t\t<div class=\"wc-block-grid__product-title\">Stabd\u017ei\u0173 trosas Castel Garden, GGP, STIGA 81030082\/0, 381030082\/0<\/div>\n\t\t\t\t<\/a>\n\t\t\t\t<div class=\"wc-block-grid__product-price price\"><span class=\"woocommerce-Price-amount amount\">9,90&nbsp;<span class=\"woocommerce-Price-currencySymbol\">&euro;<\/span><\/span><\/div>\n\t\t\t\t\n\t\t\t\t<div class=\"wp-block-button wc-block-grid__product-add-to-cart\"><a href=\"?add-to-cart=1941\" aria-label=\"\u012ed\u0117ti \u012f kre\u0161el\u012f: &ldquo;Stabd\u017ei\u0173 trosas Castel Garden, GGP, STIGA 81030082\/0, 381030082\/0&rdquo;\" data-quantity=\"1\" data-product_id=\"1941\" data-product_sku=\"\" rel=\"nofollow\" class=\"wp-block-button__link  add_to_cart_button ajax_add_to_cart\">\u012e krep\u0161el\u012f<\/a><\/div>\n\t\t\t<\/li><li class=\"wc-block-grid__product\">\n\t\t\t\t<a href=\"https:\/\/igosiv.lt\/produktas\/stabdziu-trosas-rotostop-honda-54530-va3-j01\/\" class=\"wc-block-grid__product-link\">\n\t\t\t\t\t\n\t\t\t\t\t<div class=\"wc-block-grid__product-image\"><img width=\"300\" height=\"225\" src=\"https:\/\/igosiv.lt\/wp-content\/uploads\/2023\/09\/linka-do-hamulca-silnika_3464-300x225.jpg\" class=\"attachment-woocommerce_thumbnail size-woocommerce_thumbnail\" alt=\"Stabd\u017ei\u0173 trosas ROTOSTOP HONDA 54530-VA3-J01\" decoding=\"async\" loading=\"lazy\" \/><\/div>\n\t\t\t\t\t<div class=\"wc-block-grid__product-title\">Stabd\u017ei\u0173 trosas ROTOSTOP HONDA 54530-VA3-J01<\/div>\n\t\t\t\t<\/a>\n\t\t\t\t<div class=\"wc-block-grid__product-price price\"><span class=\"woocommerce-Price-amount amount\">21,00&nbsp;<span class=\"woocommerce-Price-currencySymbol\">&euro;<\/span><\/span><\/div>\n\t\t\t\t\n\t\t\t\t<div class=\"wp-block-button wc-block-grid__product-add-to-cart\"><a href=\"?add-to-cart=1939\" aria-label=\"\u012ed\u0117ti \u012f kre\u0161el\u012f: &ldquo;Stabd\u017ei\u0173 trosas ROTOSTOP HONDA 54530-VA3-J01&rdquo;\" data-quantity=\"1\" data-product_id=\"1939\" data-product_sku=\"\" rel=\"nofollow\" class=\"wp-block-button__link  add_to_cart_button ajax_add_to_cart\">\u012e krep\u0161el\u012f<\/a><\/div>\n\t\t\t<\/li><li class=\"wc-block-grid__product\">\n\t\t\t\t<a href=\"https:\/\/igosiv.lt\/produktas\/stabdziu-trosas-rotostop-castel-garden-81000641-0\/\" class=\"wc-block-grid__product-link\">\n\t\t\t\t\t\n\t\t\t\t\t<div class=\"wc-block-grid__product-image\"><img width=\"300\" height=\"225\" src=\"https:\/\/igosiv.lt\/wp-content\/uploads\/2023\/09\/linka-do-hamulca-silnika_3248-300x225.jpg\" class=\"attachment-woocommerce_thumbnail size-woocommerce_thumbnail\" alt=\"Stabd\u017ei\u0173 trosas ROTOSTOP CASTEL GARDEN 81000641\/0\" decoding=\"async\" loading=\"lazy\" srcset=\"https:\/\/igosiv.lt\/wp-content\/uploads\/2023\/09\/linka-do-hamulca-silnika_3248-300x225.jpg 300w, https:\/\/igosiv.lt\/wp-content\/uploads\/2023\/09\/linka-do-hamulca-silnika_3248-600x450.jpg 600w, https:\/\/igosiv.lt\/wp-content\/uploads\/2023\/09\/linka-do-hamulca-silnika_3248-768x576.jpg 768w, https:\/\/igosiv.lt\/wp-content\/uploads\/2023\/09\/linka-do-hamulca-silnika_3248.jpg 800w\" sizes=\"(max-width: 300px) 100vw, 300px\" \/><\/div>\n\t\t\t\t\t<div class=\"wc-block-grid__product-title\">Stabd\u017ei\u0173 trosas ROTOSTOP CASTEL GARDEN 81000641\/0<\/div>\n\t\t\t\t<\/a>\n\t\t\t\t<div class=\"wc-block-grid__product-price price\"><span class=\"woocommerce-Price-amount amount\">12,50&nbsp;<span class=\"woocommerce-Price-currencySymbol\">&euro;<\/span><\/span><\/div>\n\t\t\t\t\n\t\t\t\t<div class=\"wp-block-button wc-block-grid__product-add-to-cart\"><a href=\"?add-to-cart=1932\" aria-label=\"\u012ed\u0117ti \u012f kre\u0161el\u012f: &ldquo;Stabd\u017ei\u0173 trosas ROTOSTOP CASTEL GARDEN 81000641\/0&rdquo;\" data-quantity=\"1\" data-product_id=\"1932\" data-product_sku=\"\" rel=\"nofollow\" class=\"wp-block-button__link  add_to_cart_button ajax_add_to_cart\">\u012e krep\u0161el\u012f<\/a><\/div>\n\t\t\t<\/li><li class=\"wc-block-grid__product\">\n\t\t\t\t<a href=\"https:\/\/igosiv.lt\/produktas\/stabdziu-trosas-rotostop-castel-garden-81000631-0\/\" class=\"wc-block-grid__product-link\">\n\t\t\t\t\t\n\t\t\t\t\t<div class=\"wc-block-grid__product-image\"><img width=\"300\" height=\"225\" src=\"https:\/\/igosiv.lt\/wp-content\/uploads\/2023\/09\/linka-do-hamulca-silnika_3246-1-300x225.jpg\" class=\"attachment-woocommerce_thumbnail size-woocommerce_thumbnail\" alt=\"Stabd\u017ei\u0173 trosas ROTOSTOP CASTEL GARDEN 81000631\/0\" decoding=\"async\" loading=\"lazy\" \/><\/div>\n\t\t\t\t\t<div class=\"wc-block-grid__product-title\">Stabd\u017ei\u0173 trosas ROTOSTOP CASTEL GARDEN 81000631\/0<\/div>\n\t\t\t\t<\/a>\n\t\t\t\t<div class=\"wc-block-grid__product-price price\"><span class=\"woocommerce-Price-amount amount\">10,80&nbsp;<span class=\"woocommerce-Price-currencySymbol\">&euro;<\/span><\/span><\/div>\n\t\t\t\t\n\t\t\t\t<div class=\"wp-block-button wc-block-grid__product-add-to-cart\"><a href=\"?add-to-cart=1929\" aria-label=\"\u012ed\u0117ti \u012f kre\u0161el\u012f: &ldquo;Stabd\u017ei\u0173 trosas ROTOSTOP CASTEL GARDEN 81000631\/0&rdquo;\" data-quantity=\"1\" data-product_id=\"1929\" data-product_sku=\"\" rel=\"nofollow\" class=\"wp-block-button__link  add_to_cart_button ajax_add_to_cart\">\u012e krep\u0161el\u012f<\/a><\/div>\n\t\t\t<\/li><li class=\"wc-block-grid__product\">\n\t\t\t\t<a href=\"https:\/\/igosiv.lt\/produktas\/stabdziu-trosas-rotostop-honda-81000636ho\/\" class=\"wc-block-grid__product-link\">\n\t\t\t\t\t\n\t\t\t\t\t<div class=\"wc-block-grid__product-image\"><img width=\"300\" height=\"225\" src=\"https:\/\/igosiv.lt\/wp-content\/uploads\/2023\/09\/linka-do-hamulca-silnika_3462-300x225.jpg\" class=\"attachment-woocommerce_thumbnail size-woocommerce_thumbnail\" alt=\"Stabd\u017ei\u0173 trosas ROTOSTOP HONDA 81000636HO\" decoding=\"async\" loading=\"lazy\" \/><\/div>\n\t\t\t\t\t<div class=\"wc-block-grid__product-title\">Stabd\u017ei\u0173 trosas ROTOSTOP HONDA 81000636HO<\/div>\n\t\t\t\t<\/a>\n\t\t\t\t<div class=\"wc-block-grid__product-price price\"><span class=\"woocommerce-Price-amount amount\">17,50&nbsp;<span class=\"woocommerce-Price-currencySymbol\">&euro;<\/span><\/span><\/div>\n\t\t\t\t\n\t\t\t\t<div class=\"wp-block-button wc-block-grid__product-add-to-cart\"><a href=\"?add-to-cart=1927\" aria-label=\"\u012ed\u0117ti \u012f kre\u0161el\u012f: &ldquo;Stabd\u017ei\u0173 trosas ROTOSTOP HONDA 81000636HO&rdquo;\" data-quantity=\"1\" data-product_id=\"1927\" data-product_sku=\"\" rel=\"nofollow\" class=\"wp-block-button__link  add_to_cart_button ajax_add_to_cart\">\u012e krep\u0161el\u012f<\/a><\/div>\n\t\t\t<\/li><\/ul><\/div>\n\n\n<h5 class=\"wp-block-heading\"><strong>Platus <\/strong>atsargin\u0117s \u017eem\u0117s \u016bkio technikos dalys<strong> pasirinkimas. Turime ir<\/strong> <a style=\"color:#0000FF\" href=\"\/\/igosiv.lt\/lt\/produkto-kategorija\/zemes-ukio-technikos-dalys\/kombainu-dalys\/grudu-kombainu-dalys\/&quot;&quot;\" target=\"_blank\" rel=\"noreferrer noopener\">gr\u016bd\u0173 kombain\u0173 dali\u0173<\/a> <strong>toki\u0173 kaip &#8211; John Deere, Class,<\/strong> <strong>Massey, New Holland ir kit\u0173, tiek<\/strong> <a style=\"color:#0000FF\" href=\"https:\/\/igosiv.lt\/lt\/produkto-kategorija\/zemes-ukio-technikos-dalys\/kombainu-dalys\/\" target=\"_blank\" rel=\"noreferrer noopener\">bulvi\u0173 kombain\u0173 dali\u0173<\/a> &#8211;<strong> Anna, Bolek, taip pat dali\u0173 smulkintuvams<\/strong>. <\/h5>\n","protected":false},"excerpt":{"rendered":"<p>AUTOMOBILI\u0172 DALYS \u017dEM\u0116S \u016aKIO TECHNIKOS DALYS SODO TECHNIKOS DALYS Naujienos Platus atsargin\u0117s \u017eem\u0117s \u016bkio technikos dalys pasirinkimas. Turime ir gr\u016bd\u0173 kombain\u0173 dali\u0173 toki\u0173 kaip &#8211; John Deere, Class, Massey, New Holland ir kit\u0173, tiek bulvi\u0173 kombain\u0173 dali\u0173 &#8211; Anna, Bolek, taip pat dali\u0173 smulkintuvams.<\/p>\n","protected":false},"author":1,"featured_media":0,"parent":0,"menu_order":0,"comment_status":"closed","ping_status":"closed","template":"","meta":[],"aioseo_notices":[],"_links":{"self":[{"href":"https:\/\/igosiv.lt\/wp-json\/wp\/v2\/pages\/49"}],"collection":[{"href":"https:\/\/igosiv.lt\/wp-json\/wp\/v2\/pages"}],"about":[{"href":"https:\/\/igosiv.lt\/wp-json\/wp\/v2\/types\/page"}],"author":[{"embeddable":true,"href":"https:\/\/igosiv.lt\/wp-json\/wp\/v2\/users\/1"}],"replies":[{"embeddable":true,"href":"https:\/\/igosiv.lt\/wp-json\/wp\/v2\/comments?post=49"}],"version-history":[{"count":28,"href":"https:\/\/igosiv.lt\/wp-json\/wp\/v2\/pages\/49\/revisions"}],"predecessor-version":[{"id":1978,"href":"https:\/\/igosiv.lt\/wp-json\/wp\/v2\/pages\/49\/revisions\/1978"}],"wp:attachment":[{"href":"https:\/\/igosiv.lt\/wp-json\/wp\/v2\/media?parent=49"}],"curies":[{"name":"wp","href":"https:\/\/api.w.org\/{rel}","templated":true}]}}