{"id":1153,"date":"2023-06-16T07:05:25","date_gmt":"2023-06-16T07:05:25","guid":{"rendered":"https:\/\/igosiv.lt\/?post_type=product&#038;p=1153"},"modified":"2023-06-16T07:05:25","modified_gmt":"2023-06-16T07:05:25","slug":"kuro-dangtelis-su-rakteliu-4274363m1","status":"publish","type":"product","link":"https:\/\/igosiv.lt\/produktas\/kuro-dangtelis-su-rakteliu-4274363m1\/","title":{"rendered":"Kuro dangtelis su rakteliu 4274363M1"},"content":{"rendered":"<p>Kodas: <strong>4274363M1<\/strong><\/p>\n<div id=\"tw-container\" data-cp=\"1\" data-is-ver=\"false\" data-nnttsvi=\"1\" data-sbsl=\"ru,uk\" data-sm=\"1\" data-ssbp=\"false\" data-sugg-time=\"500\" data-sugg-url=\"https:\/\/clients1.google.com\/complete\/search\" data-uilc=\"lt\" data-vil=\",af,af-ZA,am,am-ET,ar-EG,ar-AE,ar-KW,ar-QA,ar,ar-IL,ar-JO,ar-LB,ar-PS,az,az-AZ,bg,bg-BG,bn,bn-BD,bn-IN,ca,ca-es,cs,cs-CZ,de,de-DE,de-CH,de-AT,de-LI,en,en-US,en-CA,en-AU,en-NZ,en-GB,en-IN,en-KE,en-TZ,en-NG,en-GH,en-PH,en-ZA,es,es-ES,es-AR,es-UY,es-419,es-BO,es-CL,es-CR,es-CO,es-DO,es-EC,es-GT,es-HN,es-NI,es-PA,es-PE,es-PR,es-PY,es-SV,es-VE,es-MX,es-US,eu,eu-ES,fi,fi-FI,fr,fr-FR,fr-CH,fr-BE,gl,gl-ES,gu,gu-IN,he,he-IL,iw,iw-IL,hu,hu-HU,hy,hy-AM,id,id-ID,is,is-IS,it,it-IT,it-CH,ja,ja-JP,jv,jv-ID,ka,ka-GE,km,km-KH,kn,kn-IN,ko,ko-KR,la,lo,lo-LA,lv,lv-LV,ml,ml-IN,mr,mr-IN,ms,ms-MY,nl,nl-NL,nb,nb-NO,ne,ne-NP,pl,pl-PL,pt,pt-BR,pt-PT,ro,ro-RO,ru,ru-RU,si-LK,sk,sk-SK,sr,sr-RS,su,su-ID,sv,sv-SE,sw,sw-TZ,sw-KE,ta,ta-IN,ta-SG,ta-LK,ta-MY,te,te-IN,tr,tr-TR,ur,ur-PK,ur-IN,yue,yue-HK,yue-Hant-HK,zh-HK,zh,zh-CN,zh-cmn,zh-cmn-CN,zh-Hans,zh-Hans-CN,zh-cmn-Hans,zh-cmn-Hans-CN,cmn-CN,cmn-Hans,cmn-Hans-CN,zh-TW,zh-Hant-TW,cmn-TW,cmn-Hant-TW,zh-cmn-TW,zh-cmn-Hant-TW,zu,zu-ZA\">\n<div>\n<div>\n<div id=\"tw-ob\" class=\"tw-src-ltr\">\n<div class=\"oSioSc\">\n<div id=\"tw-target\">\n<div id=\"kAz1tf\" class=\"g9WsWb\">\n<div id=\"tw-target-text-container\" class=\"tw-ta-container F0azHf tw-nfl\" tabindex=\"0\">\n<pre class=\"tw-data-text tw-text-large tw-ta\" dir=\"ltr\" data-placeholder=\"Vertimas\"><span class=\"Y2IQFc\" lang=\"lt\">U\u017erakinamas kuro dangtelis su alsuokliu.\r\nTinka <strong>MF, Landini, John Derre, New Holland, Class, Case\/IH.<\/strong>\r\nNuorodos Nr.: <strong>4274363M1, 3786050M1, 226384A1, 277106A1,<\/strong>\r\n<strong>AL113086, AL113086, AL113086, AL113086, AL113086, 713086, 713086, 713086,<\/strong>\r\n<strong>70, 7, 7, 7 84A1.\r\n<\/strong><\/span><\/pre>\n<pre id=\"tw-target-text\" class=\"tw-data-text tw-text-large tw-ta\" dir=\"ltr\" data-placeholder=\"Vertimas\"><span class=\"Y2IQFc\" lang=\"lt\">MATMENYS: \r\nssriegis fi 60\/64,5 mm.\r\nU\u017epildo kaklelis fi 65 mm.\r\nI\u0161orinis kai\u0161\u010dio skersmuo 96,4 mm.\r\n\r\nTinka:\r\n<strong>Claas\r\nAxion<\/strong>\u00a0810, 820,\u00a0830,\u00a0840,\u00a0850,\r\n<strong>CELTIS<\/strong>\u00a0426 2RM,\u00a0436 2RM,\u00a0436 4RM,\u00a0446,\u00a0456\r\n<strong>Fiat\u00a0M<\/strong>\u00a0100, 115, 135, 160\r\n<strong>John Deere<\/strong>\u00a0Agricultural Tractor -\u00a05320, 5320 N, 5420,\u00a02040 S, 2140, 3140, 3640,\u00a05310,\u00a05415,\u00a05320, 5320 N, 5420, 5420 N,\u00a05425, 5425 N, 5525, 5525 N, 5625,\u00a06100 SE, 6200 SE, 6300 SE, 6400 SE,\u00a06100, 6200, 6300, 6400, 6505, 6506, 6600, 6800, 6900,\u00a06110 SE, 6210 SE, 6310 SE, 6410 SE, 6510 SE, 6610 SE,\u00a06110, 6210, 6310, 6410, 6510, 6610, 6810, 6910, 6910 S,\u00a06020 SE, 6120 SE, 6220 SE, 6320 SE, 6420 SE, 6520 SE, 6620 SE,\u00a06020, 6120, 6220, 6320, 6420, 6520, 6620, 6820, 6920, 6920 S,\u00a06030 Premium Series,\u00a07430 Premium, 7530 Premium,\u00a06030 Standard Series\u00a06130, 6230, 6330, 6430, 6530, 6630, 6830, 6930, 7430, 7530\r\n<strong>Ford New Holland\u00a0\u00a0<\/strong>8160, 8260, 8360, 8560\r\n<strong>Fiat\u00a0<\/strong>M100, M115, M135, M160,\u00a0T6000 Series,\u00a0T6010, T6020, T6030, T6040, T6050, T6060, T6070, T6080,\u00a0T7000 Series,\u00a0T7030, T7040, T7050, T7060,\u00a0TM120, TM125, TM130, TM135, TM140, TM150, TM155, TM165, TM175, TM190,\u00a0TS100, TS110, TS80, TS90\r\n<strong>Massey Ferguson<\/strong>\u00a0Agricultural Tractor -\u00a05425, 5435, 5445, 5455, 5460, 5465,\u00a06445, 6455, 6460, 6465, 6470, 6475, 6480, 6485, 6490, 6495, 6497, 6499,\u00a07465, 7475, 7480, 7485, 7490, 7495,\u00a08110, 8120, 8130, 8140, 8150, 8160, 8170, 8180,\u00a08450, 8460, 8470, 8480\r\n<strong>Case IH<\/strong>\u00a0Agricultural Tractor -\u00a03230,\u00a03210, 3220, 3230,\u00a04210, 4220, 4230, 4240,\u00a0CX100, CX70, CX80, CX90,\u00a0MX100, MX100 C, MX110, MX120, MX135, MX150, MX170, MX80 C, MX90 C,\u00a0MXM120, MXM130, MXM140, MXM155, MXM175, MXM190\r\n<\/span><\/pre>\n<pre id=\"tw-target-text\" class=\"tw-data-text tw-text-large tw-ta\" dir=\"ltr\" data-placeholder=\"Vertimas\"><span class=\"Y2IQFc\" lang=\"lt\"><strong>\u00a0<\/strong><\/span><\/pre>\n<\/div>\n<div id=\"tw-target-rmn-container\" class=\"tw-target-rmn tw-ta-container F0azHf tw-nfl\">\n<pre id=\"tw-target-rmn\" class=\"tw-data-placeholder tw-text-small tw-ta\" dir=\"ltr\" data-placeholder=\"\"><\/pre>\n<\/div>\n<div class=\"iYB33c\">\n<div class=\"dlJLJe\">\n<div data-cviv=\"false\" data-ved=\"2ahUKEwj7idb0k8f_AhUQtosKHZooB94Qz_AEegQICBAP\">\n<div class=\"U9URNb\"><img decoding=\"async\" loading=\"lazy\" id=\"dimg_3\" class=\"YQ4gaf zr758c wA1Bge\" src=\"data:image\/png;base64,iVBORw0KGgoAAAANSUhEUgAAABQAAAAUCAQAAAAngNWGAAABDUlEQVR4AYXRgUZDYRjH4TegFTKgpEqiFJgoWAoMEQGBgBboChaaAKxLKAhAhQqAdAmpBIQolkCFqp2nITvNKXuA7+\/Hhzey5OWjE4Nq3rzY1f9\/NGHPB549492+8Ww060iCS2XdctZdI3GsECmb+HJoIX6x6EgDm+lURTH+YB7V9nAqE5WNme4YKuOiY6iMe6PaQxUUIuTbswgFVNJwA8sO3Bn6yR6bWZMSNtJwDtuWfHpQxaPx9C9zadil7jrCigbq6UXceNIVKTWUIqypm2ytJdTiNyNeXclF6GttOVfeDEc7qzjR23r3OMFqZKng1kw0mXGLrfibHTScOZWgGv9TdC6ROFeMTgwYiIxvJzMRWQbeGZUAAAAASUVORK5CYII=\" alt=\"Piktograma \u201ePatvirtinta bendruomen\u0117s\u201c\" width=\"16\" height=\"16\" data-atf=\"0\" data-frt=\"0\" \/><\/div>\n<\/div>\n<\/div>\n<div id=\"tw-tmenu\" class=\"tw-menu\"><\/div>\n<\/div>\n<\/div>\n<\/div>\n<\/div>\n<\/div>\n<div id=\"tw-images\"><\/div>\n<div class=\"dURPtb\"><\/div>\n<div>\n<div><\/div>\n<\/div>\n<\/div>\n<\/div>\n<\/div>\n<div class=\"KFFQ0c xKf9F\"><\/div>\n","protected":false},"excerpt":{"rendered":"<p>Katalogo kodas: <strong>4274363M1<\/strong><\/p>\n","protected":false},"featured_media":1154,"comment_status":"open","ping_status":"closed","template":"","meta":[],"product_cat":[20,27,33,41,39,35,40],"product_tag":[],"aioseo_notices":[],"_links":{"self":[{"href":"https:\/\/igosiv.lt\/wp-json\/wp\/v2\/product\/1153"}],"collection":[{"href":"https:\/\/igosiv.lt\/wp-json\/wp\/v2\/product"}],"about":[{"href":"https:\/\/igosiv.lt\/wp-json\/wp\/v2\/types\/product"}],"replies":[{"embeddable":true,"href":"https:\/\/igosiv.lt\/wp-json\/wp\/v2\/comments?post=1153"}],"wp:featuredmedia":[{"embeddable":true,"href":"https:\/\/igosiv.lt\/wp-json\/wp\/v2\/media\/1154"}],"wp:attachment":[{"href":"https:\/\/igosiv.lt\/wp-json\/wp\/v2\/media?parent=1153"}],"wp:term":[{"taxonomy":"product_cat","embeddable":true,"href":"https:\/\/igosiv.lt\/wp-json\/wp\/v2\/product_cat?post=1153"},{"taxonomy":"product_tag","embeddable":true,"href":"https:\/\/igosiv.lt\/wp-json\/wp\/v2\/product_tag?post=1153"}],"curies":[{"name":"wp","href":"https:\/\/api.w.org\/{rel}","templated":true}]}}