{"id":144,"date":"2023-03-20T08:21:26","date_gmt":"2023-03-20T08:21:26","guid":{"rendered":"https:\/\/igosiv.lt\/?post_type=product&#038;p=144"},"modified":"2023-03-24T14:14:41","modified_gmt":"2023-03-24T14:14:41","slug":"plaktukas-16mm-700-800g","status":"publish","type":"product","link":"https:\/\/igosiv.lt\/produktas\/plaktukas-16mm-700-800g\/","title":{"rendered":"\u017dol\u0117s smulkintuvo plaktukas 16mm 700-800g"},"content":{"rendered":"<p>Tvirtinimo potis: 16 mm<\/p>\n<p>Bendras ilgis: 110 mm.<\/p>\n<p>Suspaudimo plotis: 40 mm.<\/p>\n<p>Pjovimo plotis: 90 mm.<\/p>\n<p>Svoriai: 700 &#8211; 800 g.<\/p>\n<p>&nbsp;<\/p>\n","protected":false},"excerpt":{"rendered":"<p>Smulkintuvo plaktukas.<\/p>\n<p>U\u017esakant prek\u0119 prie pastabos langelio \u012fra\u0161ykite norimo svorio plaktuk\u0105<\/p>\n","protected":false},"featured_media":188,"comment_status":"open","ping_status":"closed","template":"","meta":[],"product_cat":[20,23],"product_tag":[],"aioseo_notices":[],"_links":{"self":[{"href":"https:\/\/igosiv.lt\/wp-json\/wp\/v2\/product\/144"}],"collection":[{"href":"https:\/\/igosiv.lt\/wp-json\/wp\/v2\/product"}],"about":[{"href":"https:\/\/igosiv.lt\/wp-json\/wp\/v2\/types\/product"}],"replies":[{"embeddable":true,"href":"https:\/\/igosiv.lt\/wp-json\/wp\/v2\/comments?post=144"}],"wp:featuredmedia":[{"embeddable":true,"href":"https:\/\/igosiv.lt\/wp-json\/wp\/v2\/media\/188"}],"wp:attachment":[{"href":"https:\/\/igosiv.lt\/wp-json\/wp\/v2\/media?parent=144"}],"wp:term":[{"taxonomy":"product_cat","embeddable":true,"href":"https:\/\/igosiv.lt\/wp-json\/wp\/v2\/product_cat?post=144"},{"taxonomy":"product_tag","embeddable":true,"href":"https:\/\/igosiv.lt\/wp-json\/wp\/v2\/product_tag?post=144"}],"curies":[{"name":"wp","href":"https:\/\/api.w.org\/{rel}","templated":true}]}}