{"id":146,"date":"2023-03-20T08:27:18","date_gmt":"2023-03-20T08:27:18","guid":{"rendered":"https:\/\/igosiv.lt\/?post_type=product&#038;p=146"},"modified":"2023-07-11T12:33:03","modified_gmt":"2023-07-11T12:33:03","slug":"plaktukas-12-mm-400-g","status":"publish","type":"product","link":"https:\/\/igosiv.lt\/produktas\/plaktukas-12-mm-400-g\/","title":{"rendered":"\u017dol\u0117s smulkintuvo plaktukas 12 mm 400 g"},"content":{"rendered":"<p>Tvirtinimo skyl\u0117: 12 mm.<\/p>\n<p>Montavimo plotis: 44 mm.<\/p>\n<p>Pjovimo briaunos ilgis: 80 mm.<\/p>\n<p>Plaktuko ilgis: 92 mm.<\/p>\n<p>Svoris: 410 g.<\/p>\n<p>&nbsp;<\/p>\n","protected":false},"excerpt":{"rendered":"<p>Smulkintuvo plaktukas<\/p>\n","protected":false},"featured_media":187,"comment_status":"open","ping_status":"closed","template":"","meta":[],"product_cat":[20,23],"product_tag":[],"aioseo_notices":[],"_links":{"self":[{"href":"https:\/\/igosiv.lt\/wp-json\/wp\/v2\/product\/146"}],"collection":[{"href":"https:\/\/igosiv.lt\/wp-json\/wp\/v2\/product"}],"about":[{"href":"https:\/\/igosiv.lt\/wp-json\/wp\/v2\/types\/product"}],"replies":[{"embeddable":true,"href":"https:\/\/igosiv.lt\/wp-json\/wp\/v2\/comments?post=146"}],"wp:featuredmedia":[{"embeddable":true,"href":"https:\/\/igosiv.lt\/wp-json\/wp\/v2\/media\/187"}],"wp:attachment":[{"href":"https:\/\/igosiv.lt\/wp-json\/wp\/v2\/media?parent=146"}],"wp:term":[{"taxonomy":"product_cat","embeddable":true,"href":"https:\/\/igosiv.lt\/wp-json\/wp\/v2\/product_cat?post=146"},{"taxonomy":"product_tag","embeddable":true,"href":"https:\/\/igosiv.lt\/wp-json\/wp\/v2\/product_tag?post=146"}],"curies":[{"name":"wp","href":"https:\/\/api.w.org\/{rel}","templated":true}]}}