{"id":1678,"date":"2023-08-27T14:38:46","date_gmt":"2023-08-27T14:38:46","guid":{"rendered":"https:\/\/igosiv.lt\/?post_type=product&#038;p=1678"},"modified":"2023-08-27T14:38:46","modified_gmt":"2023-08-27T14:38:46","slug":"karbiuratorius-591731-594593-794572-796109","status":"publish","type":"product","link":"https:\/\/igosiv.lt\/produktas\/karbiuratorius-591731-594593-794572-796109\/","title":{"rendered":"Karbiuratorius 591731, 594593, 794572, 796109"},"content":{"rendered":"<p>Kodai:\u00a0<strong>591731, 594593, 794572, 796109<\/strong><\/p>\n<p id=\"tw-target-text\" class=\"tw-data-text tw-text-large tw-ta\" dir=\"ltr\" data-placeholder=\"Vertimas\"><span class=\"Y2IQFc\" lang=\"lt\">Karbiuratorius turi elektromagnetin\u012f antgal\u012f.<\/span><\/p>\n<p dir=\"ltr\" data-placeholder=\"Vertimas\">Tinka varikliams: BRIGGS &amp; STRATTON 15 &#8211; 17,5 hp MODELE: 31 AVS(vir\u0161utiniams vo\u017etuvams)<\/p>\n<p dir=\"ltr\" data-placeholder=\"Vertimas\">\n","protected":false},"excerpt":{"rendered":"<p>Kodai:\u00a0591731, 594593, 794572, 796109 Karbiuratorius turi elektromagnetin\u012f antgal\u012f. Tinka varikliams: BRIGGS &amp; STRATTON 15 &#8211; 17,5 hp MODELE: 31 AVS(vir\u0161utiniams vo\u017etuvams)<\/p>\n","protected":false},"featured_media":1679,"comment_status":"open","ping_status":"closed","template":"","meta":[],"product_cat":[50,51,55],"product_tag":[],"aioseo_notices":[],"_links":{"self":[{"href":"https:\/\/igosiv.lt\/wp-json\/wp\/v2\/product\/1678"}],"collection":[{"href":"https:\/\/igosiv.lt\/wp-json\/wp\/v2\/product"}],"about":[{"href":"https:\/\/igosiv.lt\/wp-json\/wp\/v2\/types\/product"}],"replies":[{"embeddable":true,"href":"https:\/\/igosiv.lt\/wp-json\/wp\/v2\/comments?post=1678"}],"wp:featuredmedia":[{"embeddable":true,"href":"https:\/\/igosiv.lt\/wp-json\/wp\/v2\/media\/1679"}],"wp:attachment":[{"href":"https:\/\/igosiv.lt\/wp-json\/wp\/v2\/media?parent=1678"}],"wp:term":[{"taxonomy":"product_cat","embeddable":true,"href":"https:\/\/igosiv.lt\/wp-json\/wp\/v2\/product_cat?post=1678"},{"taxonomy":"product_tag","embeddable":true,"href":"https:\/\/igosiv.lt\/wp-json\/wp\/v2\/product_tag?post=1678"}],"curies":[{"name":"wp","href":"https:\/\/api.w.org\/{rel}","templated":true}]}}