{"id":1689,"date":"2023-08-27T15:51:37","date_gmt":"2023-08-27T15:51:37","guid":{"rendered":"https:\/\/igosiv.lt\/?post_type=product&#038;p=1689"},"modified":"2023-08-27T15:52:01","modified_gmt":"2023-08-27T15:52:01","slug":"karbiuratorius-591852-793463","status":"publish","type":"product","link":"https:\/\/igosiv.lt\/produktas\/karbiuratorius-591852-793463\/","title":{"rendered":"Karbiuratorius 591852, 793463"},"content":{"rendered":"<p>Kodai: <strong>591852, 793463<\/strong><\/p>\n<p>Tinka:<\/p>\n<ul>\n<li>Briggs Stratton\u00a0700, 750 DOV<\/li>\n<\/ul>\n<p>MATMENYS:<\/p>\n<ul>\n<li id=\"tw-target-text\" class=\"tw-data-text tw-text-large tw-ta\" dir=\"ltr\" data-placeholder=\"Vertimas\"><span class=\"Y2IQFc\" lang=\"lt\">Atstumas tarp skyli\u0173: apie 47-48 mm.<\/span><\/li>\n<li class=\"tw-data-text tw-text-large tw-ta\" dir=\"ltr\" data-placeholder=\"Vertimas\"><span class=\"Y2IQFc\" lang=\"lt\">Ma\u017eesni\u0173 skyli\u0173 atstumas: apie 36 mm. <\/span><\/li>\n<li class=\"tw-data-text tw-text-large tw-ta\" dir=\"ltr\" data-placeholder=\"Vertimas\"><span class=\"Y2IQFc\" lang=\"lt\">Oro \u012fleidimo angos skersmuo oro filtro \u0161one &#8211; apie 25 mm. <\/span><\/li>\n<li class=\"tw-data-text tw-text-large tw-ta\" dir=\"ltr\" data-placeholder=\"Vertimas\"><span class=\"Y2IQFc\" lang=\"lt\">Oro \u012fsiurbimo angos skersmuo cilindro \u0161one &#8211; 19,5 mm.<\/span><\/li>\n<\/ul>\n<p>Komplekt\u0105 sudaro:<\/p>\n<ul>\n<li id=\"tw-target-text\" class=\"tw-data-text tw-text-large tw-ta\" dir=\"ltr\" data-placeholder=\"Vertimas\"><span class=\"Y2IQFc\" lang=\"lt\">Pilnas karbiuratorius <\/span><\/li>\n<li class=\"tw-data-text tw-text-large tw-ta\" dir=\"ltr\" data-placeholder=\"Vertimas\"><span class=\"Y2IQFc\" lang=\"lt\">Tarpin\u0117s <\/span><\/li>\n<li class=\"tw-data-text tw-text-large tw-ta\" dir=\"ltr\" data-placeholder=\"Vertimas\"><span class=\"Y2IQFc\" lang=\"lt\">\u017diedai<\/span><\/li>\n<\/ul>\n","protected":false},"excerpt":{"rendered":"<p>Kodai: 591852, 793463 Tinka: Briggs Stratton\u00a0700, 750 DOV MATMENYS: Atstumas tarp skyli\u0173: apie 47-48 mm. Ma\u017eesni\u0173 skyli\u0173 atstumas: apie 36 mm. Oro \u012fleidimo angos skersmuo oro filtro \u0161one &#8211; apie 25 mm. Oro \u012fsiurbimo angos skersmuo cilindro \u0161one &#8211; 19,5 mm. Komplekt\u0105 sudaro: Pilnas karbiuratorius Tarpin\u0117s \u017diedai<\/p>\n","protected":false},"featured_media":1690,"comment_status":"open","ping_status":"closed","template":"","meta":[],"product_cat":[50,51,55],"product_tag":[],"aioseo_notices":[],"_links":{"self":[{"href":"https:\/\/igosiv.lt\/wp-json\/wp\/v2\/product\/1689"}],"collection":[{"href":"https:\/\/igosiv.lt\/wp-json\/wp\/v2\/product"}],"about":[{"href":"https:\/\/igosiv.lt\/wp-json\/wp\/v2\/types\/product"}],"replies":[{"embeddable":true,"href":"https:\/\/igosiv.lt\/wp-json\/wp\/v2\/comments?post=1689"}],"wp:featuredmedia":[{"embeddable":true,"href":"https:\/\/igosiv.lt\/wp-json\/wp\/v2\/media\/1690"}],"wp:attachment":[{"href":"https:\/\/igosiv.lt\/wp-json\/wp\/v2\/media?parent=1689"}],"wp:term":[{"taxonomy":"product_cat","embeddable":true,"href":"https:\/\/igosiv.lt\/wp-json\/wp\/v2\/product_cat?post=1689"},{"taxonomy":"product_tag","embeddable":true,"href":"https:\/\/igosiv.lt\/wp-json\/wp\/v2\/product_tag?post=1689"}],"curies":[{"name":"wp","href":"https:\/\/api.w.org\/{rel}","templated":true}]}}