{"id":1699,"date":"2023-08-27T19:06:03","date_gmt":"2023-08-27T19:06:03","guid":{"rendered":"https:\/\/igosiv.lt\/?post_type=product&#038;p=1699"},"modified":"2023-08-28T16:20:29","modified_gmt":"2023-08-28T16:20:29","slug":"skriemulys-su-guoliu-murray-690549","status":"publish","type":"product","link":"https:\/\/igosiv.lt\/produktas\/skriemulys-su-guoliu-murray-690549\/","title":{"rendered":"Skriemulys su guoliu Murray 690549"},"content":{"rendered":"<p>Kodas: <strong>690549<\/strong><\/p>\n<ul>\n<li>Auk\u0161tis viduryje: 19,5mm.<\/li>\n<li>Auk\u0161tis i\u0161or\u0117je: 24,5mm.<\/li>\n<li>Skyl\u0117s plotis: 16,7mm.<\/li>\n<\/ul>\n<p>&nbsp;<\/p>\n","protected":false},"excerpt":{"rendered":"<p>Kodas: 690549 Auk\u0161tis viduryje: 19,5mm. Auk\u0161tis i\u0161or\u0117je: 24,5mm. Skyl\u0117s plotis: 16,7mm. &nbsp;<\/p>\n","protected":false},"featured_media":1700,"comment_status":"open","ping_status":"closed","template":"","meta":[],"product_cat":[50,51,56],"product_tag":[],"aioseo_notices":[],"_links":{"self":[{"href":"https:\/\/igosiv.lt\/wp-json\/wp\/v2\/product\/1699"}],"collection":[{"href":"https:\/\/igosiv.lt\/wp-json\/wp\/v2\/product"}],"about":[{"href":"https:\/\/igosiv.lt\/wp-json\/wp\/v2\/types\/product"}],"replies":[{"embeddable":true,"href":"https:\/\/igosiv.lt\/wp-json\/wp\/v2\/comments?post=1699"}],"wp:featuredmedia":[{"embeddable":true,"href":"https:\/\/igosiv.lt\/wp-json\/wp\/v2\/media\/1700"}],"wp:attachment":[{"href":"https:\/\/igosiv.lt\/wp-json\/wp\/v2\/media?parent=1699"}],"wp:term":[{"taxonomy":"product_cat","embeddable":true,"href":"https:\/\/igosiv.lt\/wp-json\/wp\/v2\/product_cat?post=1699"},{"taxonomy":"product_tag","embeddable":true,"href":"https:\/\/igosiv.lt\/wp-json\/wp\/v2\/product_tag?post=1699"}],"curies":[{"name":"wp","href":"https:\/\/api.w.org\/{rel}","templated":true}]}}