{"id":1738,"date":"2023-09-01T16:40:25","date_gmt":"2023-09-01T16:40:25","guid":{"rendered":"https:\/\/igosiv.lt\/?post_type=product&#038;p=1738"},"modified":"2023-09-02T09:32:50","modified_gmt":"2023-09-02T09:32:50","slug":"pavaros-trosas-nac-wr65405d1-wr6548-wr654805","status":"publish","type":"product","link":"https:\/\/igosiv.lt\/produktas\/pavaros-trosas-nac-wr65405d1-wr6548-wr654805\/","title":{"rendered":"Pavaros trosas Nac WR65405D1 \/ WR6548 \/ WR654805"},"content":{"rendered":"<p>\u0160arv\u0173 ilgis (su antgaliais): 113cm.<\/p>\n<p>Visas ilgis (su antagliais): 134cm.<\/p>\n<p>Tinka vejapjov\u0117ms: NAC WR65405D1 \/ WR6548 \/ WR654805 &#8211; naujo tipo.<\/p>\n<p>&nbsp;<\/p>\n","protected":false},"excerpt":{"rendered":"<p>\u0160arv\u0173 ilgis (su antgaliais): 113cm. Visas ilgis (su antagliais): 134cm. Tinka vejapjov\u0117ms: NAC WR65405D1 \/ WR6548 \/ WR654805 &#8211; naujo tipo. &nbsp;<\/p>\n","protected":false},"featured_media":1740,"comment_status":"open","ping_status":"closed","template":"","meta":[],"product_cat":[59],"product_tag":[],"aioseo_notices":[],"_links":{"self":[{"href":"https:\/\/igosiv.lt\/wp-json\/wp\/v2\/product\/1738"}],"collection":[{"href":"https:\/\/igosiv.lt\/wp-json\/wp\/v2\/product"}],"about":[{"href":"https:\/\/igosiv.lt\/wp-json\/wp\/v2\/types\/product"}],"replies":[{"embeddable":true,"href":"https:\/\/igosiv.lt\/wp-json\/wp\/v2\/comments?post=1738"}],"wp:featuredmedia":[{"embeddable":true,"href":"https:\/\/igosiv.lt\/wp-json\/wp\/v2\/media\/1740"}],"wp:attachment":[{"href":"https:\/\/igosiv.lt\/wp-json\/wp\/v2\/media?parent=1738"}],"wp:term":[{"taxonomy":"product_cat","embeddable":true,"href":"https:\/\/igosiv.lt\/wp-json\/wp\/v2\/product_cat?post=1738"},{"taxonomy":"product_tag","embeddable":true,"href":"https:\/\/igosiv.lt\/wp-json\/wp\/v2\/product_tag?post=1738"}],"curies":[{"name":"wp","href":"https:\/\/api.w.org\/{rel}","templated":true}]}}