{"id":1752,"date":"2023-09-01T17:38:07","date_gmt":"2023-09-01T17:38:07","guid":{"rendered":"https:\/\/igosiv.lt\/?post_type=product&#038;p=1752"},"modified":"2023-09-01T17:38:07","modified_gmt":"2023-09-01T17:38:07","slug":"pavaros-ir-stabdziu-trosas-nac","status":"publish","type":"product","link":"https:\/\/igosiv.lt\/produktas\/pavaros-ir-stabdziu-trosas-nac\/","title":{"rendered":"Pavaros ir stabd\u017ei\u0173 trosas Nac"},"content":{"rendered":"<p>Tinka modeliams: C460V, C460VH, S460V, S460VH, S460VY, S510V, S510VH, S510VHY, S510VY<\/p>\n<p>Stabd\u017ei\u0173 troso matmenys:<\/p>\n<ul>\n<li>Bendras korelio ilgis su reguliavimo elementu, be burnos: 90cm.<\/li>\n<li>Bendras troso ilgis su &#8220;Z&#8221; galvute: 117,5cm.<\/li>\n<\/ul>\n<p>Pavaros troso matmenys:<\/p>\n<ul>\n<li>Bendras \u0161arv\u0173 ilgis su plastikiniu kabliu, be burnos: 81,5cm.<\/li>\n<li>Bendras kabelio ilgis su &#8220;Z&#8221; galvute, be spyruokl\u0117s: 112cm.<\/li>\n<\/ul>\n<p>&nbsp;<\/p>\n","protected":false},"excerpt":{"rendered":"<p>Tinka modeliams: C460V, C460VH, S460V, S460VH, S460VY, S510V, S510VH, S510VHY, S510VY Stabd\u017ei\u0173 troso matmenys: Bendras korelio ilgis su reguliavimo elementu, be burnos: 90cm. Bendras troso ilgis su &#8220;Z&#8221; galvute: 117,5cm. Pavaros troso matmenys: Bendras \u0161arv\u0173 ilgis su plastikiniu kabliu, be burnos: 81,5cm. Bendras kabelio ilgis su &#8220;Z&#8221; galvute, be spyruokl\u0117s: 112cm. &nbsp;<\/p>\n","protected":false},"featured_media":1753,"comment_status":"open","ping_status":"closed","template":"","meta":[],"product_cat":[59],"product_tag":[],"aioseo_notices":[],"_links":{"self":[{"href":"https:\/\/igosiv.lt\/wp-json\/wp\/v2\/product\/1752"}],"collection":[{"href":"https:\/\/igosiv.lt\/wp-json\/wp\/v2\/product"}],"about":[{"href":"https:\/\/igosiv.lt\/wp-json\/wp\/v2\/types\/product"}],"replies":[{"embeddable":true,"href":"https:\/\/igosiv.lt\/wp-json\/wp\/v2\/comments?post=1752"}],"wp:featuredmedia":[{"embeddable":true,"href":"https:\/\/igosiv.lt\/wp-json\/wp\/v2\/media\/1753"}],"wp:attachment":[{"href":"https:\/\/igosiv.lt\/wp-json\/wp\/v2\/media?parent=1752"}],"wp:term":[{"taxonomy":"product_cat","embeddable":true,"href":"https:\/\/igosiv.lt\/wp-json\/wp\/v2\/product_cat?post=1752"},{"taxonomy":"product_tag","embeddable":true,"href":"https:\/\/igosiv.lt\/wp-json\/wp\/v2\/product_tag?post=1752"}],"curies":[{"name":"wp","href":"https:\/\/api.w.org\/{rel}","templated":true}]}}