{"id":1816,"date":"2023-09-02T12:25:11","date_gmt":"2023-09-02T12:25:11","guid":{"rendered":"https:\/\/igosiv.lt\/?post_type=product&#038;p=1816"},"modified":"2023-09-02T12:25:13","modified_gmt":"2023-09-02T12:25:13","slug":"skriemulys-su-guoliu-castel-garden-25601555-0","status":"publish","type":"product","link":"https:\/\/igosiv.lt\/produktas\/skriemulys-su-guoliu-castel-garden-25601555-0\/","title":{"rendered":"Skriemulys su guoliu Castel Garden 25601555\/0"},"content":{"rendered":"<p>Kodas: <strong>25601555\/0<\/strong><\/p>\n<p>Tinka modeliams: \u00a0J &#8211; JS 92, N92, N92 hydro, 98S, 98S hydro, TC &#8211; TS 102, 102 hydro, 122 hydro,<br \/>\nno\u017ce J &#8211; JS 92, 92 hydro, N92, N92 hydro, agregat TC -TS 102, 102 hydro, 122 hydro, XG175HD<\/p>\n<ul>\n<li>Auk\u0161tis: 20,5mm.<\/li>\n<li>Skyl\u0117s skersmuo: 15,7mm.<\/li>\n<li>Plotis: 90mm.<\/li>\n<\/ul>\n","protected":false},"excerpt":{"rendered":"<p>Kodas: 25601555\/0 Tinka modeliams: \u00a0J &#8211; JS 92, N92, N92 hydro, 98S, 98S hydro, TC &#8211; TS 102, 102 hydro, 122 hydro, no\u017ce J &#8211; JS 92, 92 hydro, N92, N92 hydro, agregat TC -TS 102, 102 hydro, 122 hydro, XG175HD Auk\u0161tis: 20,5mm. Skyl\u0117s skersmuo: 15,7mm. Plotis: 90mm.<\/p>\n","protected":false},"featured_media":1817,"comment_status":"open","ping_status":"closed","template":"","meta":[],"product_cat":[56],"product_tag":[],"aioseo_notices":[],"_links":{"self":[{"href":"https:\/\/igosiv.lt\/wp-json\/wp\/v2\/product\/1816"}],"collection":[{"href":"https:\/\/igosiv.lt\/wp-json\/wp\/v2\/product"}],"about":[{"href":"https:\/\/igosiv.lt\/wp-json\/wp\/v2\/types\/product"}],"replies":[{"embeddable":true,"href":"https:\/\/igosiv.lt\/wp-json\/wp\/v2\/comments?post=1816"}],"wp:featuredmedia":[{"embeddable":true,"href":"https:\/\/igosiv.lt\/wp-json\/wp\/v2\/media\/1817"}],"wp:attachment":[{"href":"https:\/\/igosiv.lt\/wp-json\/wp\/v2\/media?parent=1816"}],"wp:term":[{"taxonomy":"product_cat","embeddable":true,"href":"https:\/\/igosiv.lt\/wp-json\/wp\/v2\/product_cat?post=1816"},{"taxonomy":"product_tag","embeddable":true,"href":"https:\/\/igosiv.lt\/wp-json\/wp\/v2\/product_tag?post=1816"}],"curies":[{"name":"wp","href":"https:\/\/api.w.org\/{rel}","templated":true}]}}