{"id":1825,"date":"2023-09-02T13:44:55","date_gmt":"2023-09-02T13:44:55","guid":{"rendered":"https:\/\/igosiv.lt\/?post_type=product&#038;p=1825"},"modified":"2023-09-02T13:44:56","modified_gmt":"2023-09-02T13:44:56","slug":"skriemulys-su-guoliu-husqvarna-165626-532165626","status":"publish","type":"product","link":"https:\/\/igosiv.lt\/produktas\/skriemulys-su-guoliu-husqvarna-165626-532165626\/","title":{"rendered":"Skriemulys su guoliu HUSQVARNA 165626, 532165626"},"content":{"rendered":"<p>Kodai:<strong> 165626, 532165626<\/strong><\/p>\n<p>Tinka: \u00a0HUSQVARNA\u00a0 ICTH16, CTH130, CTH150, CT130.<\/p>\n<ul>\n<li>Auk\u0161tis 18,5mm.<\/li>\n<li>Skyl\u0117s skersmuo: 9,5mm.<\/li>\n<li>Plotis: 63,5mm.<\/li>\n<li>Nuo vidurio iki dir\u017eo: 12,7mm.<\/li>\n<\/ul>\n","protected":false},"excerpt":{"rendered":"<p>Kodai: 165626, 532165626 Tinka: \u00a0HUSQVARNA\u00a0 ICTH16, CTH130, CTH150, CT130. Auk\u0161tis 18,5mm. Skyl\u0117s skersmuo: 9,5mm. Plotis: 63,5mm. Nuo vidurio iki dir\u017eo: 12,7mm.<\/p>\n","protected":false},"featured_media":1826,"comment_status":"open","ping_status":"closed","template":"","meta":[],"product_cat":[56],"product_tag":[],"aioseo_notices":[],"_links":{"self":[{"href":"https:\/\/igosiv.lt\/wp-json\/wp\/v2\/product\/1825"}],"collection":[{"href":"https:\/\/igosiv.lt\/wp-json\/wp\/v2\/product"}],"about":[{"href":"https:\/\/igosiv.lt\/wp-json\/wp\/v2\/types\/product"}],"replies":[{"embeddable":true,"href":"https:\/\/igosiv.lt\/wp-json\/wp\/v2\/comments?post=1825"}],"wp:featuredmedia":[{"embeddable":true,"href":"https:\/\/igosiv.lt\/wp-json\/wp\/v2\/media\/1826"}],"wp:attachment":[{"href":"https:\/\/igosiv.lt\/wp-json\/wp\/v2\/media?parent=1825"}],"wp:term":[{"taxonomy":"product_cat","embeddable":true,"href":"https:\/\/igosiv.lt\/wp-json\/wp\/v2\/product_cat?post=1825"},{"taxonomy":"product_tag","embeddable":true,"href":"https:\/\/igosiv.lt\/wp-json\/wp\/v2\/product_tag?post=1825"}],"curies":[{"name":"wp","href":"https:\/\/api.w.org\/{rel}","templated":true}]}}