{"id":1953,"date":"2023-09-12T12:37:29","date_gmt":"2023-09-12T12:37:29","guid":{"rendered":"https:\/\/igosiv.lt\/?post_type=product&#038;p=1953"},"modified":"2023-09-12T12:37:34","modified_gmt":"2023-09-12T12:37:34","slug":"pirstu-ritinelio-velenas-anna-5644600840","status":"publish","type":"product","link":"https:\/\/igosiv.lt\/produktas\/pirstu-ritinelio-velenas-anna-5644600840\/","title":{"rendered":"Pir\u0161t\u0173 ritin\u0117lio velenas Anna 5644600840"},"content":{"rendered":"<p>Katalogo kodas: <strong>5644600840\u00a0<\/strong><\/p>\n<p>Ilgis: 93,8cm<\/p>\n<p>Svoris: 4kg<\/p>\n","protected":false},"excerpt":{"rendered":"<p>Katalogo kodas: 5644600840\u00a0 Ilgis: 93,8cm Svoris: 4kg<\/p>\n","protected":false},"featured_media":1954,"comment_status":"open","ping_status":"closed","template":"","meta":[],"product_cat":[32,29],"product_tag":[],"aioseo_notices":[],"_links":{"self":[{"href":"https:\/\/igosiv.lt\/wp-json\/wp\/v2\/product\/1953"}],"collection":[{"href":"https:\/\/igosiv.lt\/wp-json\/wp\/v2\/product"}],"about":[{"href":"https:\/\/igosiv.lt\/wp-json\/wp\/v2\/types\/product"}],"replies":[{"embeddable":true,"href":"https:\/\/igosiv.lt\/wp-json\/wp\/v2\/comments?post=1953"}],"wp:featuredmedia":[{"embeddable":true,"href":"https:\/\/igosiv.lt\/wp-json\/wp\/v2\/media\/1954"}],"wp:attachment":[{"href":"https:\/\/igosiv.lt\/wp-json\/wp\/v2\/media?parent=1953"}],"wp:term":[{"taxonomy":"product_cat","embeddable":true,"href":"https:\/\/igosiv.lt\/wp-json\/wp\/v2\/product_cat?post=1953"},{"taxonomy":"product_tag","embeddable":true,"href":"https:\/\/igosiv.lt\/wp-json\/wp\/v2\/product_tag?post=1953"}],"curies":[{"name":"wp","href":"https:\/\/api.w.org\/{rel}","templated":true}]}}