{"id":278,"date":"2023-03-30T20:50:41","date_gmt":"2023-03-30T20:50:41","guid":{"rendered":"https:\/\/igosiv.lt\/?post_type=product&#038;p=278"},"modified":"2023-08-03T20:41:02","modified_gmt":"2023-08-03T20:41:02","slug":"varomasis-ratas-z-10-velenas-fi-30-anna-2","status":"publish","type":"product","link":"https:\/\/igosiv.lt\/produktas\/varomasis-ratas-z-10-velenas-fi-30-anna-2\/","title":{"rendered":"Bulviakasio varomasis ratas Z-10 velenas fi 30 Anna \/ 5644710430"},"content":{"rendered":"<p>Bulviasod\u0117s varomasis ratas Z-10 velenas fi 30<\/p>\n<p>Katalogo kodas: <strong>5644710430, 5644\/71-043\/0, 5644\/71-026\/7, 5644710267<\/strong><\/p>\n","protected":false},"excerpt":{"rendered":"<p>Kodas: <strong>564471043\/5644710267<\/strong><\/p>\n<pre id=\"tw-target-text\" class=\"tw-data-text tw-text-large tw-ta\" dir=\"ltr\" data-placeholder=\"Vertimas\"><span class=\"Y2IQFc\" lang=\"lt\">Bulviakasio bunkerio grind\u0173 konvejerio varomasis ratas Z-10 velenas \r\nfi 30 pritvirtintas kai\u0161\u010diu. Tinka bulvi\u0173 kombainui Anna Z-644.<\/span><\/pre>\n","protected":false},"featured_media":1555,"comment_status":"open","ping_status":"closed","template":"","meta":[],"product_cat":[27,29],"product_tag":[],"aioseo_notices":[],"_links":{"self":[{"href":"https:\/\/igosiv.lt\/wp-json\/wp\/v2\/product\/278"}],"collection":[{"href":"https:\/\/igosiv.lt\/wp-json\/wp\/v2\/product"}],"about":[{"href":"https:\/\/igosiv.lt\/wp-json\/wp\/v2\/types\/product"}],"replies":[{"embeddable":true,"href":"https:\/\/igosiv.lt\/wp-json\/wp\/v2\/comments?post=278"}],"wp:featuredmedia":[{"embeddable":true,"href":"https:\/\/igosiv.lt\/wp-json\/wp\/v2\/media\/1555"}],"wp:attachment":[{"href":"https:\/\/igosiv.lt\/wp-json\/wp\/v2\/media?parent=278"}],"wp:term":[{"taxonomy":"product_cat","embeddable":true,"href":"https:\/\/igosiv.lt\/wp-json\/wp\/v2\/product_cat?post=278"},{"taxonomy":"product_tag","embeddable":true,"href":"https:\/\/igosiv.lt\/wp-json\/wp\/v2\/product_tag?post=278"}],"curies":[{"name":"wp","href":"https:\/\/api.w.org\/{rel}","templated":true}]}}