{"id":280,"date":"2023-03-31T08:17:06","date_gmt":"2023-03-31T08:17:06","guid":{"rendered":"https:\/\/igosiv.lt\/?post_type=product&#038;p=280"},"modified":"2023-04-02T11:41:25","modified_gmt":"2023-04-02T11:41:25","slug":"varomasis-ratas-anna","status":"publish","type":"product","link":"https:\/\/igosiv.lt\/produktas\/varomasis-ratas-anna\/","title":{"rendered":"Varomasis ratas Anna \/ 5644710790"},"content":{"rendered":"<p>Varomasis ratas<\/p>\n<p>Katalogo kodas: <strong>564471079\/0, 5644\/71-079\/0<\/strong><\/p>\n","protected":false},"excerpt":{"rendered":"<p>Kodas: <strong>5644710790<\/strong><\/p>\n<p>Varomasis ratas. <span class=\"Y2IQFc\" lang=\"lt\">T<\/span><span class=\"Y2IQFc\" lang=\"lt\">inka: ANNA bulvi\u0173 kombainui<\/span><\/p>\n<p><span class=\"Y2IQFc\" lang=\"lt\">Dant\u0173 skai\u010dius: 10 dant\u0173 <\/span><\/p>\n<p><span class=\"Y2IQFc\" lang=\"lt\">Veleno skersmuo: 30 mm <\/span><\/p>\n<p><span class=\"Y2IQFc\" lang=\"lt\">I\u0161orinis rato skersmuo: 142 mm\u00a0<\/span><\/p>\n","protected":false},"featured_media":281,"comment_status":"open","ping_status":"closed","template":"","meta":[],"product_cat":[27,29],"product_tag":[],"aioseo_notices":[],"_links":{"self":[{"href":"https:\/\/igosiv.lt\/wp-json\/wp\/v2\/product\/280"}],"collection":[{"href":"https:\/\/igosiv.lt\/wp-json\/wp\/v2\/product"}],"about":[{"href":"https:\/\/igosiv.lt\/wp-json\/wp\/v2\/types\/product"}],"replies":[{"embeddable":true,"href":"https:\/\/igosiv.lt\/wp-json\/wp\/v2\/comments?post=280"}],"wp:featuredmedia":[{"embeddable":true,"href":"https:\/\/igosiv.lt\/wp-json\/wp\/v2\/media\/281"}],"wp:attachment":[{"href":"https:\/\/igosiv.lt\/wp-json\/wp\/v2\/media?parent=280"}],"wp:term":[{"taxonomy":"product_cat","embeddable":true,"href":"https:\/\/igosiv.lt\/wp-json\/wp\/v2\/product_cat?post=280"},{"taxonomy":"product_tag","embeddable":true,"href":"https:\/\/igosiv.lt\/wp-json\/wp\/v2\/product_tag?post=280"}],"curies":[{"name":"wp","href":"https:\/\/api.w.org\/{rel}","templated":true}]}}