{"id":292,"date":"2023-03-31T08:52:59","date_gmt":"2023-03-31T08:52:59","guid":{"rendered":"https:\/\/igosiv.lt\/?post_type=product&#038;p=292"},"modified":"2023-04-02T11:36:25","modified_gmt":"2023-04-02T11:36:25","slug":"pirstu-kalno-skriemulys-anna","status":"publish","type":"product","link":"https:\/\/igosiv.lt\/produktas\/pirstu-kalno-skriemulys-anna\/","title":{"rendered":"Pir\u0161t\u0173 kalno skriemulys Anna \/ 5644600320"},"content":{"rendered":"<p>Pir\u0161t\u0173 kalno skriemulys<\/p>\n<p>Katalogo kodas: <strong>5644600320, 5644\/60-032\/0<\/strong><\/p>\n","protected":false},"excerpt":{"rendered":"<p>Kodas: <strong>5644600320<\/strong><\/p>\n<pre id=\"tw-target-text\" class=\"tw-data-text tw-text-large tw-ta\" dir=\"ltr\" data-placeholder=\"Vertimas\"><span class=\"Y2IQFc\" lang=\"lt\">\u012e kaln\u0105 varomas norag\u0173 skriemulys.\r\nTinka bulvi\u0173 kombainui Anna Z-644<\/span><\/pre>\n","protected":false},"featured_media":295,"comment_status":"open","ping_status":"closed","template":"","meta":[],"product_cat":[27,29],"product_tag":[],"aioseo_notices":[],"_links":{"self":[{"href":"https:\/\/igosiv.lt\/wp-json\/wp\/v2\/product\/292"}],"collection":[{"href":"https:\/\/igosiv.lt\/wp-json\/wp\/v2\/product"}],"about":[{"href":"https:\/\/igosiv.lt\/wp-json\/wp\/v2\/types\/product"}],"replies":[{"embeddable":true,"href":"https:\/\/igosiv.lt\/wp-json\/wp\/v2\/comments?post=292"}],"wp:featuredmedia":[{"embeddable":true,"href":"https:\/\/igosiv.lt\/wp-json\/wp\/v2\/media\/295"}],"wp:attachment":[{"href":"https:\/\/igosiv.lt\/wp-json\/wp\/v2\/media?parent=292"}],"wp:term":[{"taxonomy":"product_cat","embeddable":true,"href":"https:\/\/igosiv.lt\/wp-json\/wp\/v2\/product_cat?post=292"},{"taxonomy":"product_tag","embeddable":true,"href":"https:\/\/igosiv.lt\/wp-json\/wp\/v2\/product_tag?post=292"}],"curies":[{"name":"wp","href":"https:\/\/api.w.org\/{rel}","templated":true}]}}