{"id":313,"date":"2023-03-31T17:45:42","date_gmt":"2023-03-31T17:45:42","guid":{"rendered":"https:\/\/igosiv.lt\/?post_type=product&#038;p=313"},"modified":"2025-08-27T10:23:36","modified_gmt":"2025-08-27T10:23:36","slug":"bulviakasea-zvaigzde-z-13-anna","status":"publish","type":"product","link":"https:\/\/igosiv.lt\/produktas\/bulviakasea-zvaigzde-z-13-anna\/","title":{"rendered":"Bulviakasio \u017evaig\u017ed\u0117 Z-13 Anna \/ 5644630100"},"content":{"rendered":"<pre id=\"tw-target-text\" class=\"tw-data-text tw-text-large tw-ta\" dir=\"ltr\" data-placeholder=\"Vertimas\"><span class=\"Y2IQFc\" lang=\"lt\">\u017dvaig\u017ed\u0117 Z-13 Anna<\/span><\/pre>\n<p>Katalogo kodas: <strong>5644630100, 5644\/63-010\/0<\/strong><\/p>\n","protected":false},"excerpt":{"rendered":"<pre id=\"tw-target-text\" class=\"tw-data-text tw-text-large tw-ta\" dir=\"ltr\" data-placeholder=\"Vertimas\"><span class=\"Y2IQFc\" lang=\"lt\">Kodas: <strong>5644630100<\/strong>\r\n\u017dvaig\u017ed\u0117 Z-13, nukreipianti skynimo stalo konvejer\u012f.\r\nTinka bulvi\u0173 kombainui Anna Z-644<\/span><\/pre>\n","protected":false},"featured_media":314,"comment_status":"open","ping_status":"closed","template":"","meta":[],"product_cat":[27,29],"product_tag":[],"aioseo_notices":[],"_links":{"self":[{"href":"https:\/\/igosiv.lt\/wp-json\/wp\/v2\/product\/313"}],"collection":[{"href":"https:\/\/igosiv.lt\/wp-json\/wp\/v2\/product"}],"about":[{"href":"https:\/\/igosiv.lt\/wp-json\/wp\/v2\/types\/product"}],"replies":[{"embeddable":true,"href":"https:\/\/igosiv.lt\/wp-json\/wp\/v2\/comments?post=313"}],"wp:featuredmedia":[{"embeddable":true,"href":"https:\/\/igosiv.lt\/wp-json\/wp\/v2\/media\/314"}],"wp:attachment":[{"href":"https:\/\/igosiv.lt\/wp-json\/wp\/v2\/media?parent=313"}],"wp:term":[{"taxonomy":"product_cat","embeddable":true,"href":"https:\/\/igosiv.lt\/wp-json\/wp\/v2\/product_cat?post=313"},{"taxonomy":"product_tag","embeddable":true,"href":"https:\/\/igosiv.lt\/wp-json\/wp\/v2\/product_tag?post=313"}],"curies":[{"name":"wp","href":"https:\/\/api.w.org\/{rel}","templated":true}]}}