{"id":315,"date":"2023-03-31T17:51:55","date_gmt":"2023-03-31T17:51:55","guid":{"rendered":"https:\/\/igosiv.lt\/?post_type=product&#038;p=315"},"modified":"2023-04-02T11:05:54","modified_gmt":"2023-04-02T11:05:54","slug":"bulviakases-grandininis-ratas-z-15-1-2-fi-25-anna","status":"publish","type":"product","link":"https:\/\/igosiv.lt\/produktas\/bulviakases-grandininis-ratas-z-15-1-2-fi-25-anna\/","title":{"rendered":"Bulviakas\u0117s grandininis ratas Z-15 1\/2&#8243; fi-25 Anna \/ 5644630260"},"content":{"rendered":"<pre id=\"tw-target-text\" class=\"tw-data-text tw-text-large tw-ta\" dir=\"ltr\" data-placeholder=\"Vertimas\"><span class=\"Y2IQFc\" lang=\"lt\">Grandininis ratas Z-15 1\/2\" fi-25 \r\nKatalogo kodas: <strong>5644630260, 5644\/63-026\/0<\/strong><\/span><\/pre>\n","protected":false},"excerpt":{"rendered":"<pre id=\"tw-target-text\" class=\"tw-data-text tw-text-large tw-ta\" dir=\"ltr\" data-placeholder=\"Vertimas\"><span class=\"Y2IQFc\" lang=\"lt\">Kodas: <strong>5644630260<\/strong>\r\nNu\u0117mimo stalo konvejerio pavaros \u017evaig\u017edut\u0117 Z-15, 1\/2\", fi-25.\r\nTinka bulvi\u0173 kombainui Anna Z-644<\/span><\/pre>\n","protected":false},"featured_media":316,"comment_status":"open","ping_status":"closed","template":"","meta":[],"product_cat":[27,29],"product_tag":[],"aioseo_notices":[],"_links":{"self":[{"href":"https:\/\/igosiv.lt\/wp-json\/wp\/v2\/product\/315"}],"collection":[{"href":"https:\/\/igosiv.lt\/wp-json\/wp\/v2\/product"}],"about":[{"href":"https:\/\/igosiv.lt\/wp-json\/wp\/v2\/types\/product"}],"replies":[{"embeddable":true,"href":"https:\/\/igosiv.lt\/wp-json\/wp\/v2\/comments?post=315"}],"wp:featuredmedia":[{"embeddable":true,"href":"https:\/\/igosiv.lt\/wp-json\/wp\/v2\/media\/316"}],"wp:attachment":[{"href":"https:\/\/igosiv.lt\/wp-json\/wp\/v2\/media?parent=315"}],"wp:term":[{"taxonomy":"product_cat","embeddable":true,"href":"https:\/\/igosiv.lt\/wp-json\/wp\/v2\/product_cat?post=315"},{"taxonomy":"product_tag","embeddable":true,"href":"https:\/\/igosiv.lt\/wp-json\/wp\/v2\/product_tag?post=315"}],"curies":[{"name":"wp","href":"https:\/\/api.w.org\/{rel}","templated":true}]}}