{"id":317,"date":"2023-03-31T17:59:00","date_gmt":"2023-03-31T17:59:00","guid":{"rendered":"https:\/\/igosiv.lt\/?post_type=product&#038;p=317"},"modified":"2023-04-02T11:05:07","modified_gmt":"2023-04-02T11:05:07","slug":"grandininis-ratas-z-25-1-2-fi-25-anna","status":"publish","type":"product","link":"https:\/\/igosiv.lt\/produktas\/grandininis-ratas-z-25-1-2-fi-25-anna\/","title":{"rendered":"Grandininis ratas Z-25 1\/2&#8243; fi-25 Anna \/ 5644630060"},"content":{"rendered":"<p>Grandininis ratas Z-25 1\/2&#8243; fi-25<\/p>\n<p>Katalogo kodas: <strong>5644630060, 5644\/63-006\/0<\/strong><\/p>\n","protected":false},"excerpt":{"rendered":"<p>Kodas: <strong>5644630060<\/strong><\/p>\n<p>\u017dvaig\u017ed\u0117 Z-25 1\/2&#8243;, fi -25, skirta skynimo stalo ritin\u0117li\u0173 pavarai.<\/p>\n<p>Tinka bulvi\u0173 kombainui Anna Z-644<\/p>\n","protected":false},"featured_media":318,"comment_status":"open","ping_status":"closed","template":"","meta":[],"product_cat":[27,29],"product_tag":[],"aioseo_notices":[],"_links":{"self":[{"href":"https:\/\/igosiv.lt\/wp-json\/wp\/v2\/product\/317"}],"collection":[{"href":"https:\/\/igosiv.lt\/wp-json\/wp\/v2\/product"}],"about":[{"href":"https:\/\/igosiv.lt\/wp-json\/wp\/v2\/types\/product"}],"replies":[{"embeddable":true,"href":"https:\/\/igosiv.lt\/wp-json\/wp\/v2\/comments?post=317"}],"wp:featuredmedia":[{"embeddable":true,"href":"https:\/\/igosiv.lt\/wp-json\/wp\/v2\/media\/318"}],"wp:attachment":[{"href":"https:\/\/igosiv.lt\/wp-json\/wp\/v2\/media?parent=317"}],"wp:term":[{"taxonomy":"product_cat","embeddable":true,"href":"https:\/\/igosiv.lt\/wp-json\/wp\/v2\/product_cat?post=317"},{"taxonomy":"product_tag","embeddable":true,"href":"https:\/\/igosiv.lt\/wp-json\/wp\/v2\/product_tag?post=317"}],"curies":[{"name":"wp","href":"https:\/\/api.w.org\/{rel}","templated":true}]}}