{"id":320,"date":"2023-03-31T18:11:13","date_gmt":"2023-03-31T18:11:13","guid":{"rendered":"https:\/\/igosiv.lt\/?post_type=product&#038;p=320"},"modified":"2023-08-03T20:36:19","modified_gmt":"2023-08-03T20:36:19","slug":"bulviakasio-grandininis-ratas-z-42-5-8-fi-30-anna","status":"publish","type":"product","link":"https:\/\/igosiv.lt\/produktas\/bulviakasio-grandininis-ratas-z-42-5-8-fi-30-anna\/","title":{"rendered":"Bulviakasio grandininis ratas Z-42 5\/8&#8243; fi-30 Anna \/ 5644540250"},"content":{"rendered":"<pre id=\"tw-target-text\" class=\"tw-data-text tw-text-large tw-ta\" dir=\"ltr\" data-placeholder=\"Vertimas\"><span class=\"Y2IQFc\" lang=\"lt\">Grandininis ratas Z-42 5\/8\" fi-30 \r\nKatalogo kodas: <strong>5644540250, 5644\/54-025\/0<\/strong><\/span><\/pre>\n","protected":false},"excerpt":{"rendered":"<p>Kodas: <strong>564454025<\/strong><\/p>\n<p>Varomoji \u017evaig\u017edut\u0117 Z-42, 5\/8&#8243; fi 30 pakeliamas ratas &#8220;totolotka&#8221;.<\/p>\n<p>Tinka bulvi\u0173 kombainui Anna Z-644<\/p>\n","protected":false},"featured_media":321,"comment_status":"open","ping_status":"closed","template":"","meta":[],"product_cat":[27,29],"product_tag":[],"aioseo_notices":[],"_links":{"self":[{"href":"https:\/\/igosiv.lt\/wp-json\/wp\/v2\/product\/320"}],"collection":[{"href":"https:\/\/igosiv.lt\/wp-json\/wp\/v2\/product"}],"about":[{"href":"https:\/\/igosiv.lt\/wp-json\/wp\/v2\/types\/product"}],"replies":[{"embeddable":true,"href":"https:\/\/igosiv.lt\/wp-json\/wp\/v2\/comments?post=320"}],"wp:featuredmedia":[{"embeddable":true,"href":"https:\/\/igosiv.lt\/wp-json\/wp\/v2\/media\/321"}],"wp:attachment":[{"href":"https:\/\/igosiv.lt\/wp-json\/wp\/v2\/media?parent=320"}],"wp:term":[{"taxonomy":"product_cat","embeddable":true,"href":"https:\/\/igosiv.lt\/wp-json\/wp\/v2\/product_cat?post=320"},{"taxonomy":"product_tag","embeddable":true,"href":"https:\/\/igosiv.lt\/wp-json\/wp\/v2\/product_tag?post=320"}],"curies":[{"name":"wp","href":"https:\/\/api.w.org\/{rel}","templated":true}]}}