{"id":322,"date":"2023-03-31T18:18:14","date_gmt":"2023-03-31T18:18:14","guid":{"rendered":"https:\/\/igosiv.lt\/?post_type=product&#038;p=322"},"modified":"2023-04-02T11:03:03","modified_gmt":"2023-04-02T11:03:03","slug":"zvaigzde-z12-anna","status":"publish","type":"product","link":"https:\/\/igosiv.lt\/produktas\/zvaigzde-z12-anna\/","title":{"rendered":"\u017dvaig\u017ed\u0117 Z12 Anna \/ 5644510530"},"content":{"rendered":"<p>\u017dvaig\u017ed\u0117 Z12 skirta bulvi\u0173 kombainui Anna Z-644<\/p>\n<p>Katalogo kodas: <strong>5644510530<\/strong><\/p>\n","protected":false},"excerpt":{"rendered":"<p>\u017dvaig\u017ed\u0117 Z12 skirta bulvi\u0173 kombainui Anna Z-644 Katalogo kodas: 5644510530<\/p>\n","protected":false},"featured_media":323,"comment_status":"open","ping_status":"closed","template":"","meta":[],"product_cat":[27,29],"product_tag":[],"aioseo_notices":[],"_links":{"self":[{"href":"https:\/\/igosiv.lt\/wp-json\/wp\/v2\/product\/322"}],"collection":[{"href":"https:\/\/igosiv.lt\/wp-json\/wp\/v2\/product"}],"about":[{"href":"https:\/\/igosiv.lt\/wp-json\/wp\/v2\/types\/product"}],"replies":[{"embeddable":true,"href":"https:\/\/igosiv.lt\/wp-json\/wp\/v2\/comments?post=322"}],"wp:featuredmedia":[{"embeddable":true,"href":"https:\/\/igosiv.lt\/wp-json\/wp\/v2\/media\/323"}],"wp:attachment":[{"href":"https:\/\/igosiv.lt\/wp-json\/wp\/v2\/media?parent=322"}],"wp:term":[{"taxonomy":"product_cat","embeddable":true,"href":"https:\/\/igosiv.lt\/wp-json\/wp\/v2\/product_cat?post=322"},{"taxonomy":"product_tag","embeddable":true,"href":"https:\/\/igosiv.lt\/wp-json\/wp\/v2\/product_tag?post=322"}],"curies":[{"name":"wp","href":"https:\/\/api.w.org\/{rel}","templated":true}]}}