{"id":453,"date":"2023-04-02T19:56:36","date_gmt":"2023-04-02T19:56:36","guid":{"rendered":"https:\/\/igosiv.lt\/?post_type=product&#038;p=453"},"modified":"2026-03-24T14:13:13","modified_gmt":"2026-03-24T14:13:13","slug":"krumpliaratis-0480742","status":"publish","type":"product","link":"https:\/\/igosiv.lt\/produktas\/krumpliaratis-0480742\/","title":{"rendered":"Krumpliaratis &#8211; 0480742"},"content":{"rendered":"<p>Katalogo kodai: <strong>0480742, S0480742.<\/strong><\/p>\n<p>Dant\u0173 skai\u010dius: 55.<\/p>\n<p>Vidin\u0117s skyl\u0117s i\u0161pjov\u0173 skai\u010dius: 20.<\/p>\n<p>Tinka:<\/p>\n<ul>\n<li>Sampo Rosenlew: 310, 360, 410, 460, 500, 580, 600, 650, 680, 690.<\/li>\n<li>Massey Ferguson: 16, 20, 330, 430.<\/li>\n<\/ul>\n","protected":false},"excerpt":{"rendered":"<p>Katalogo kodai: 0480742, S0480742. Dant\u0173 skai\u010dius: 55. Vidin\u0117s skyl\u0117s i\u0161pjov\u0173 skai\u010dius: 20. Tinka: Sampo Rosenlew: 310, 360, 410, 460, 500, 580, 600, 650, 680, 690. Massey Ferguson: 16, 20, 330, 430.<\/p>\n","protected":false},"featured_media":455,"comment_status":"open","ping_status":"closed","template":"","meta":[],"product_cat":[34],"product_tag":[],"aioseo_notices":[],"_links":{"self":[{"href":"https:\/\/igosiv.lt\/wp-json\/wp\/v2\/product\/453"}],"collection":[{"href":"https:\/\/igosiv.lt\/wp-json\/wp\/v2\/product"}],"about":[{"href":"https:\/\/igosiv.lt\/wp-json\/wp\/v2\/types\/product"}],"replies":[{"embeddable":true,"href":"https:\/\/igosiv.lt\/wp-json\/wp\/v2\/comments?post=453"}],"wp:featuredmedia":[{"embeddable":true,"href":"https:\/\/igosiv.lt\/wp-json\/wp\/v2\/media\/455"}],"wp:attachment":[{"href":"https:\/\/igosiv.lt\/wp-json\/wp\/v2\/media?parent=453"}],"wp:term":[{"taxonomy":"product_cat","embeddable":true,"href":"https:\/\/igosiv.lt\/wp-json\/wp\/v2\/product_cat?post=453"},{"taxonomy":"product_tag","embeddable":true,"href":"https:\/\/igosiv.lt\/wp-json\/wp\/v2\/product_tag?post=453"}],"curies":[{"name":"wp","href":"https:\/\/api.w.org\/{rel}","templated":true}]}}