{"id":469,"date":"2023-04-02T20:16:42","date_gmt":"2023-04-02T20:16:42","guid":{"rendered":"https:\/\/igosiv.lt\/?post_type=product&#038;p=469"},"modified":"2023-06-27T09:00:58","modified_gmt":"2023-06-27T09:00:58","slug":"krumpliaratis-0481200","status":"publish","type":"product","link":"https:\/\/igosiv.lt\/produktas\/krumpliaratis-0481200\/","title":{"rendered":"Krumpliaratis &#8211; 0481200"},"content":{"rendered":"<p>Katalogo kodai: <strong>0481200, S0481200.<\/strong><\/p>\n<p>Dant\u0173 skai\u010dius didesnio: 40.<\/p>\n<p>Dant\u0173 skai\u010dius ma\u017eesnio: 24.<\/p>\n<p>Vidin\u0117s skyl\u0117s i\u0161pjov\u0173 skai\u010dius: 8.<\/p>\n<p>Tinka:<\/p>\n<ul>\n<li>Sampo Rosenlew: 310, 360, 410, 460, 500, 580, 600, 650, 680, 690.<\/li>\n<li>Massey Ferguson: 16, 20, 330, 430.<\/li>\n<\/ul>\n","protected":false},"excerpt":{"rendered":"<p>Katalogo kodai: 0481200, S0481200. Dant\u0173 skai\u010dius didesnio: 40. Dant\u0173 skai\u010dius ma\u017eesnio: 24. Vidin\u0117s skyl\u0117s i\u0161pjov\u0173 skai\u010dius: 8. Tinka: Sampo Rosenlew: 310, 360, 410, 460, 500, 580, 600, 650, 680, 690. Massey Ferguson: 16, 20, 330, 430.<\/p>\n","protected":false},"featured_media":472,"comment_status":"open","ping_status":"closed","template":"","meta":[],"product_cat":[34],"product_tag":[],"aioseo_notices":[],"_links":{"self":[{"href":"https:\/\/igosiv.lt\/wp-json\/wp\/v2\/product\/469"}],"collection":[{"href":"https:\/\/igosiv.lt\/wp-json\/wp\/v2\/product"}],"about":[{"href":"https:\/\/igosiv.lt\/wp-json\/wp\/v2\/types\/product"}],"replies":[{"embeddable":true,"href":"https:\/\/igosiv.lt\/wp-json\/wp\/v2\/comments?post=469"}],"wp:featuredmedia":[{"embeddable":true,"href":"https:\/\/igosiv.lt\/wp-json\/wp\/v2\/media\/472"}],"wp:attachment":[{"href":"https:\/\/igosiv.lt\/wp-json\/wp\/v2\/media?parent=469"}],"wp:term":[{"taxonomy":"product_cat","embeddable":true,"href":"https:\/\/igosiv.lt\/wp-json\/wp\/v2\/product_cat?post=469"},{"taxonomy":"product_tag","embeddable":true,"href":"https:\/\/igosiv.lt\/wp-json\/wp\/v2\/product_tag?post=469"}],"curies":[{"name":"wp","href":"https:\/\/api.w.org\/{rel}","templated":true}]}}