{"id":473,"date":"2023-04-02T20:23:56","date_gmt":"2023-04-02T20:23:56","guid":{"rendered":"https:\/\/igosiv.lt\/?post_type=product&#038;p=473"},"modified":"2023-06-27T08:59:56","modified_gmt":"2023-06-27T08:59:56","slug":"sankabos-diskas-0480419","status":"publish","type":"product","link":"https:\/\/igosiv.lt\/produktas\/sankabos-diskas-0480419\/","title":{"rendered":"Sankabos diskas &#8211; 0480419"},"content":{"rendered":"<p>Katalogo kodai: 0480419, S0480419.<\/p>\n<p>I\u0161orinis diametras: 200mm.<\/p>\n<p>Vidin\u0117s skyl\u0117s i\u0161pjov\u0173 skai\u010dius: 10.<\/p>\n<p>Tinka:<\/p>\n<ul>\n<li>Sampo Rosenlew: 310, 360.<\/li>\n<\/ul>\n","protected":false},"excerpt":{"rendered":"<p>Katalogo kodai: 0480419, S0480419. I\u0161orinis diametras: 200mm. Vidin\u0117s skyl\u0117s i\u0161pjov\u0173 skai\u010dius: 10. Tinka: Sampo Rosenlew: 310, 360.<\/p>\n","protected":false},"featured_media":484,"comment_status":"open","ping_status":"closed","template":"","meta":[],"product_cat":[34],"product_tag":[],"aioseo_notices":[],"_links":{"self":[{"href":"https:\/\/igosiv.lt\/wp-json\/wp\/v2\/product\/473"}],"collection":[{"href":"https:\/\/igosiv.lt\/wp-json\/wp\/v2\/product"}],"about":[{"href":"https:\/\/igosiv.lt\/wp-json\/wp\/v2\/types\/product"}],"replies":[{"embeddable":true,"href":"https:\/\/igosiv.lt\/wp-json\/wp\/v2\/comments?post=473"}],"wp:featuredmedia":[{"embeddable":true,"href":"https:\/\/igosiv.lt\/wp-json\/wp\/v2\/media\/484"}],"wp:attachment":[{"href":"https:\/\/igosiv.lt\/wp-json\/wp\/v2\/media?parent=473"}],"wp:term":[{"taxonomy":"product_cat","embeddable":true,"href":"https:\/\/igosiv.lt\/wp-json\/wp\/v2\/product_cat?post=473"},{"taxonomy":"product_tag","embeddable":true,"href":"https:\/\/igosiv.lt\/wp-json\/wp\/v2\/product_tag?post=473"}],"curies":[{"name":"wp","href":"https:\/\/api.w.org\/{rel}","templated":true}]}}