{"id":589,"date":"2023-04-04T15:16:43","date_gmt":"2023-04-04T15:16:43","guid":{"rendered":"https:\/\/igosiv.lt\/?post_type=product&#038;p=589"},"modified":"2023-06-27T08:55:04","modified_gmt":"2023-06-27T08:55:04","slug":"pavaru-dezes-velenas-0480537","status":"publish","type":"product","link":"https:\/\/igosiv.lt\/produktas\/pavaru-dezes-velenas-0480537\/","title":{"rendered":"Pavar\u0173 d\u0117\u017e\u0117s velenas &#8211; 0480537"},"content":{"rendered":"<p>Katalogo kodai: S0480537, 480537, 0480537.<\/p>\n<p>Tinka:<\/p>\n<ul>\n<li>MASSEY FERGUSON: 8, 17, 19, 22, 23, 25, 26, 28, 7238.<\/li>\n<li>SAMPO ROSENLEW: 2035, 2045, 2065, 2085.<\/li>\n<\/ul>\n<p>&nbsp;<\/p>\n","protected":false},"excerpt":{"rendered":"<p>Katalogo kodai: S0480537, 480537, 0480537. Tinka: MASSEY FERGUSON: 8, 17, 19, 22, 23, 25, 26, 28, 7238. SAMPO ROSENLEW: 2035, 2045, 2065, 2085. &nbsp;<\/p>\n","protected":false},"featured_media":592,"comment_status":"open","ping_status":"closed","template":"","meta":[],"product_cat":[34],"product_tag":[],"aioseo_notices":[],"_links":{"self":[{"href":"https:\/\/igosiv.lt\/wp-json\/wp\/v2\/product\/589"}],"collection":[{"href":"https:\/\/igosiv.lt\/wp-json\/wp\/v2\/product"}],"about":[{"href":"https:\/\/igosiv.lt\/wp-json\/wp\/v2\/types\/product"}],"replies":[{"embeddable":true,"href":"https:\/\/igosiv.lt\/wp-json\/wp\/v2\/comments?post=589"}],"wp:featuredmedia":[{"embeddable":true,"href":"https:\/\/igosiv.lt\/wp-json\/wp\/v2\/media\/592"}],"wp:attachment":[{"href":"https:\/\/igosiv.lt\/wp-json\/wp\/v2\/media?parent=589"}],"wp:term":[{"taxonomy":"product_cat","embeddable":true,"href":"https:\/\/igosiv.lt\/wp-json\/wp\/v2\/product_cat?post=589"},{"taxonomy":"product_tag","embeddable":true,"href":"https:\/\/igosiv.lt\/wp-json\/wp\/v2\/product_tag?post=589"}],"curies":[{"name":"wp","href":"https:\/\/api.w.org\/{rel}","templated":true}]}}