{"id":663,"date":"2023-04-06T13:29:15","date_gmt":"2023-04-06T13:29:15","guid":{"rendered":"https:\/\/igosiv.lt\/?post_type=product&#038;p=663"},"modified":"2023-06-27T06:45:12","modified_gmt":"2023-06-27T06:45:12","slug":"zvaigzdute-580273","status":"publish","type":"product","link":"https:\/\/igosiv.lt\/produktas\/zvaigzdute-580273\/","title":{"rendered":"\u017dvaig\u017edut\u0117 &#8211; 580273"},"content":{"rendered":"<p>Kodai: R708249, SR708249, SR580273, R580273, 580273.<\/p>\n<p>Tinka:<\/p>\n<ul>\n<li>SAMPO ROSENLEW: 410, 460, 500, 580, 600, 650, 680, 690.<\/li>\n<li>MASSEY FERGUSON: 8, 10, 16, 17, 19, 20, 23, 23, 25, 26, 28, 330, 430, 2035, 2045, 2065, 2085.<\/li>\n<\/ul>\n","protected":false},"excerpt":{"rendered":"<p>Kodai: R708249, SR708249, SR580273, R580273, 580273. Tinka: SAMPO ROSENLEW: 410, 460, 500, 580, 600, 650, 680, 690. MASSEY FERGUSON: 8, 10, 16, 17, 19, 20, 23, 23, 25, 26, 28, 330, 430, 2035, 2045, 2065, 2085.<\/p>\n","protected":false},"featured_media":664,"comment_status":"open","ping_status":"closed","template":"","meta":[],"product_cat":[35,34],"product_tag":[],"aioseo_notices":[],"_links":{"self":[{"href":"https:\/\/igosiv.lt\/wp-json\/wp\/v2\/product\/663"}],"collection":[{"href":"https:\/\/igosiv.lt\/wp-json\/wp\/v2\/product"}],"about":[{"href":"https:\/\/igosiv.lt\/wp-json\/wp\/v2\/types\/product"}],"replies":[{"embeddable":true,"href":"https:\/\/igosiv.lt\/wp-json\/wp\/v2\/comments?post=663"}],"wp:featuredmedia":[{"embeddable":true,"href":"https:\/\/igosiv.lt\/wp-json\/wp\/v2\/media\/664"}],"wp:attachment":[{"href":"https:\/\/igosiv.lt\/wp-json\/wp\/v2\/media?parent=663"}],"wp:term":[{"taxonomy":"product_cat","embeddable":true,"href":"https:\/\/igosiv.lt\/wp-json\/wp\/v2\/product_cat?post=663"},{"taxonomy":"product_tag","embeddable":true,"href":"https:\/\/igosiv.lt\/wp-json\/wp\/v2\/product_tag?post=663"}],"curies":[{"name":"wp","href":"https:\/\/api.w.org\/{rel}","templated":true}]}}