{"id":675,"date":"2023-04-06T14:03:19","date_gmt":"2023-04-06T14:03:19","guid":{"rendered":"https:\/\/igosiv.lt\/?post_type=product&#038;p=675"},"modified":"2023-06-27T06:38:27","modified_gmt":"2023-06-27T06:38:27","slug":"gumines-ivores-korpusas-593302","status":"publish","type":"product","link":"https:\/\/igosiv.lt\/produktas\/gumines-ivores-korpusas-593302\/","title":{"rendered":"Gumin\u0117s \u012fvor\u0117s korpusas &#8211; 593302"},"content":{"rendered":"<p>Kodai: R593302, \u00a0SR593302, 593302.<\/p>\n<p>Tinka:<\/p>\n<ul>\n<li>Massey Ferguson: 8, 10, 16, 17, 19, 20, 22, 23, 25, 26, 28, 330, 430.<\/li>\n<li>Sampo Rosenlew: 410, 500, 580, 600, 2035, 2045, 2065, 2085.<\/li>\n<\/ul>\n","protected":false},"excerpt":{"rendered":"<p>Kodai: R593302, \u00a0SR593302, 593302. Tinka: Massey Ferguson: 8, 10, 16, 17, 19, 20, 22, 23, 25, 26, 28, 330, 430. Sampo Rosenlew: 410, 500, 580, 600, 2035, 2045, 2065, 2085.<\/p>\n","protected":false},"featured_media":676,"comment_status":"open","ping_status":"closed","template":"","meta":[],"product_cat":[35,34],"product_tag":[],"aioseo_notices":[],"_links":{"self":[{"href":"https:\/\/igosiv.lt\/wp-json\/wp\/v2\/product\/675"}],"collection":[{"href":"https:\/\/igosiv.lt\/wp-json\/wp\/v2\/product"}],"about":[{"href":"https:\/\/igosiv.lt\/wp-json\/wp\/v2\/types\/product"}],"replies":[{"embeddable":true,"href":"https:\/\/igosiv.lt\/wp-json\/wp\/v2\/comments?post=675"}],"wp:featuredmedia":[{"embeddable":true,"href":"https:\/\/igosiv.lt\/wp-json\/wp\/v2\/media\/676"}],"wp:attachment":[{"href":"https:\/\/igosiv.lt\/wp-json\/wp\/v2\/media?parent=675"}],"wp:term":[{"taxonomy":"product_cat","embeddable":true,"href":"https:\/\/igosiv.lt\/wp-json\/wp\/v2\/product_cat?post=675"},{"taxonomy":"product_tag","embeddable":true,"href":"https:\/\/igosiv.lt\/wp-json\/wp\/v2\/product_tag?post=675"}],"curies":[{"name":"wp","href":"https:\/\/api.w.org\/{rel}","templated":true}]}}