{"id":679,"date":"2023-04-06T14:14:46","date_gmt":"2023-04-06T14:14:46","guid":{"rendered":"https:\/\/igosiv.lt\/?post_type=product&#038;p=679"},"modified":"2023-06-27T06:28:17","modified_gmt":"2023-06-27T06:28:17","slug":"gumine-ivore-0633846","status":"publish","type":"product","link":"https:\/\/igosiv.lt\/produktas\/gumine-ivore-0633846\/","title":{"rendered":"Gumin\u0117 \u012fvor\u0117 &#8211; 0633846"},"content":{"rendered":"<p>Vidinis skersmuo: 20 mm<\/p>\n<p>I\u0161orinis skersmuo: 47 mm<\/p>\n<p>Kodai: S0633855, S0633846, 0633855, 0633846.<\/p>\n<p>Tinka:<\/p>\n<ul>\n<li>MASSEY FERGUSON: 16, 17, 19, 20, 23, 25, 26, 28, 330, 2035, 2045, 2065, 2085, 7238.<\/li>\n<li>SAMPO ROSENLEW: 410, 500, 580, 600, 650, 680.<\/li>\n<\/ul>\n","protected":false},"excerpt":{"rendered":"<p>Vidinis skersmuo: 20 mm I\u0161orinis skersmuo: 47 mm Kodai: S0633855, S0633846, 0633855, 0633846. Tinka: MASSEY FERGUSON: 16, 17, 19, 20, 23, 25, 26, 28, 330, 2035, 2045, 2065, 2085, 7238. SAMPO ROSENLEW: 410, 500, 580, 600, 650, 680.<\/p>\n","protected":false},"featured_media":678,"comment_status":"open","ping_status":"closed","template":"","meta":[],"product_cat":[35,34],"product_tag":[],"aioseo_notices":[],"_links":{"self":[{"href":"https:\/\/igosiv.lt\/wp-json\/wp\/v2\/product\/679"}],"collection":[{"href":"https:\/\/igosiv.lt\/wp-json\/wp\/v2\/product"}],"about":[{"href":"https:\/\/igosiv.lt\/wp-json\/wp\/v2\/types\/product"}],"replies":[{"embeddable":true,"href":"https:\/\/igosiv.lt\/wp-json\/wp\/v2\/comments?post=679"}],"wp:featuredmedia":[{"embeddable":true,"href":"https:\/\/igosiv.lt\/wp-json\/wp\/v2\/media\/678"}],"wp:attachment":[{"href":"https:\/\/igosiv.lt\/wp-json\/wp\/v2\/media?parent=679"}],"wp:term":[{"taxonomy":"product_cat","embeddable":true,"href":"https:\/\/igosiv.lt\/wp-json\/wp\/v2\/product_cat?post=679"},{"taxonomy":"product_tag","embeddable":true,"href":"https:\/\/igosiv.lt\/wp-json\/wp\/v2\/product_tag?post=679"}],"curies":[{"name":"wp","href":"https:\/\/api.w.org\/{rel}","templated":true}]}}