{"id":689,"date":"2023-04-06T19:00:10","date_gmt":"2023-04-06T19:00:10","guid":{"rendered":"https:\/\/igosiv.lt\/?post_type=product&#038;p=689"},"modified":"2023-04-06T19:00:46","modified_gmt":"2023-04-06T19:00:46","slug":"pirsto-laikyklis-d28250585","status":"publish","type":"product","link":"https:\/\/igosiv.lt\/produktas\/pirsto-laikyklis-d28250585\/","title":{"rendered":"Pir\u0161to laikyklis &#8211; D28250585"},"content":{"rendered":"<p>Pir\u0161t\u0173 skyl\u0117s skersmuo: 14 mm<\/p>\n<p>Montavimo skersmuo: 25 mm<\/p>\n<p>Kodai: D28250585, 28250585.<\/p>\n<p>Tinka:<\/p>\n<ul>\n<li>DRONNINGBORG: D1900, D7000, D7200, D7500.<\/li>\n<li>MASSEY FERGUSON: 24, 27, 29, 29XP, 31, 34.<\/li>\n<\/ul>\n","protected":false},"excerpt":{"rendered":"<p>Pir\u0161t\u0173 skyl\u0117s skersmuo: 14 mm Montavimo skersmuo: 25 mm Kodai: D28250585, 28250585. Tinka: DRONNINGBORG: D1900, D7000, D7200, D7500. MASSEY FERGUSON: 24, 27, 29, 29XP, 31, 34.<\/p>\n","protected":false},"featured_media":692,"comment_status":"open","ping_status":"closed","template":"","meta":[],"product_cat":[37,35],"product_tag":[],"aioseo_notices":[],"_links":{"self":[{"href":"https:\/\/igosiv.lt\/wp-json\/wp\/v2\/product\/689"}],"collection":[{"href":"https:\/\/igosiv.lt\/wp-json\/wp\/v2\/product"}],"about":[{"href":"https:\/\/igosiv.lt\/wp-json\/wp\/v2\/types\/product"}],"replies":[{"embeddable":true,"href":"https:\/\/igosiv.lt\/wp-json\/wp\/v2\/comments?post=689"}],"wp:featuredmedia":[{"embeddable":true,"href":"https:\/\/igosiv.lt\/wp-json\/wp\/v2\/media\/692"}],"wp:attachment":[{"href":"https:\/\/igosiv.lt\/wp-json\/wp\/v2\/media?parent=689"}],"wp:term":[{"taxonomy":"product_cat","embeddable":true,"href":"https:\/\/igosiv.lt\/wp-json\/wp\/v2\/product_cat?post=689"},{"taxonomy":"product_tag","embeddable":true,"href":"https:\/\/igosiv.lt\/wp-json\/wp\/v2\/product_tag?post=689"}],"curies":[{"name":"wp","href":"https:\/\/api.w.org\/{rel}","templated":true}]}}