{"id":693,"date":"2023-04-06T19:06:09","date_gmt":"2023-04-06T19:06:09","guid":{"rendered":"https:\/\/igosiv.lt\/?post_type=product&#038;p=693"},"modified":"2023-07-07T10:17:55","modified_gmt":"2023-07-07T10:17:55","slug":"lenktuvo-spyruokle-d28650165-d28660027","status":"publish","type":"product","link":"https:\/\/igosiv.lt\/produktas\/lenktuvo-spyruokle-d28650165-d28660027\/","title":{"rendered":"Lenktuvo spyruokl\u0117 &#8211; D28650165, D28660027"},"content":{"rendered":"<p>Ilgis: 200mm Plotis: 155 mm<\/p>\n<p>Vielos skersmuo: 5,5 mm<\/p>\n<p>Vidinis rit\u0117s skersmuo: 30 mm<\/p>\n<p>I\u0161orinis rit\u0117s skersmuo: 41 mm<\/p>\n<p>Kodai: D28650165, D28660027.<\/p>\n<p>Tinka:<\/p>\n<ul>\n<li>Dronningborg: D1900, D3000, D4000, D4500, D7000, D7200, D7500, D8000.<\/li>\n<li>Massey Ferguson: MF 27, 29, 29XP, 31, 34.<\/li>\n<\/ul>\n","protected":false},"excerpt":{"rendered":"<p>Ilgis: 200mm Plotis: 155 mm Vielos skersmuo: 5,5 mm Vidinis rit\u0117s skersmuo: 30 mm I\u0161orinis rit\u0117s skersmuo: 41 mm Kodai: D28650165, D28660027. Tinka: Dronningborg: D1900, D3000, D4000, D4500, D7000, D7200, D7500, D8000. Massey Ferguson: MF 27, 29, 29XP, 31, 34.<\/p>\n","protected":false},"featured_media":694,"comment_status":"open","ping_status":"closed","template":"","meta":[],"product_cat":[37,35],"product_tag":[],"aioseo_notices":[],"_links":{"self":[{"href":"https:\/\/igosiv.lt\/wp-json\/wp\/v2\/product\/693"}],"collection":[{"href":"https:\/\/igosiv.lt\/wp-json\/wp\/v2\/product"}],"about":[{"href":"https:\/\/igosiv.lt\/wp-json\/wp\/v2\/types\/product"}],"replies":[{"embeddable":true,"href":"https:\/\/igosiv.lt\/wp-json\/wp\/v2\/comments?post=693"}],"wp:featuredmedia":[{"embeddable":true,"href":"https:\/\/igosiv.lt\/wp-json\/wp\/v2\/media\/694"}],"wp:attachment":[{"href":"https:\/\/igosiv.lt\/wp-json\/wp\/v2\/media?parent=693"}],"wp:term":[{"taxonomy":"product_cat","embeddable":true,"href":"https:\/\/igosiv.lt\/wp-json\/wp\/v2\/product_cat?post=693"},{"taxonomy":"product_tag","embeddable":true,"href":"https:\/\/igosiv.lt\/wp-json\/wp\/v2\/product_tag?post=693"}],"curies":[{"name":"wp","href":"https:\/\/api.w.org\/{rel}","templated":true}]}}