{"id":695,"date":"2023-04-06T19:10:29","date_gmt":"2023-04-06T19:10:29","guid":{"rendered":"https:\/\/igosiv.lt\/?post_type=product&#038;p=695"},"modified":"2023-07-11T12:14:50","modified_gmt":"2023-07-11T12:14:50","slug":"elevatoriaus-zvaigzdute-d28580202-d28580448","status":"publish","type":"product","link":"https:\/\/igosiv.lt\/produktas\/elevatoriaus-zvaigzdute-d28580202-d28580448\/","title":{"rendered":"Elevatoriaus \u017evaig\u017edut\u0117 &#8211; D28580202, D28580448"},"content":{"rendered":"<p>Dant\u0173 skai\u010dius: 9<\/p>\n<p>Vidinis skersmuo: 30 mm<\/p>\n<p>Kodai: D28580202, D28580448.<\/p>\n<p>Tinka:<\/p>\n<ul>\n<li>MASSEY FERGUSON: 30, 32, 34, 36, 38, 40, 7250, 7252, 7254, 7256, 7272, 7274, 7278.<\/li>\n<li>DRONNINGBORG: D9000<\/li>\n<\/ul>\n","protected":false},"excerpt":{"rendered":"<p>Dant\u0173 skai\u010dius: 9 Vidinis skersmuo: 30 mm Kodai: D28580202, D28580448. Tinka: MASSEY FERGUSON: 30, 32, 34, 36, 38, 40, 7250, 7252, 7254, 7256, 7272, 7274, 7278. DRONNINGBORG: D9000<\/p>\n","protected":false},"featured_media":696,"comment_status":"open","ping_status":"closed","template":"","meta":[],"product_cat":[37,35],"product_tag":[],"aioseo_notices":[],"_links":{"self":[{"href":"https:\/\/igosiv.lt\/wp-json\/wp\/v2\/product\/695"}],"collection":[{"href":"https:\/\/igosiv.lt\/wp-json\/wp\/v2\/product"}],"about":[{"href":"https:\/\/igosiv.lt\/wp-json\/wp\/v2\/types\/product"}],"replies":[{"embeddable":true,"href":"https:\/\/igosiv.lt\/wp-json\/wp\/v2\/comments?post=695"}],"wp:featuredmedia":[{"embeddable":true,"href":"https:\/\/igosiv.lt\/wp-json\/wp\/v2\/media\/696"}],"wp:attachment":[{"href":"https:\/\/igosiv.lt\/wp-json\/wp\/v2\/media?parent=695"}],"wp:term":[{"taxonomy":"product_cat","embeddable":true,"href":"https:\/\/igosiv.lt\/wp-json\/wp\/v2\/product_cat?post=695"},{"taxonomy":"product_tag","embeddable":true,"href":"https:\/\/igosiv.lt\/wp-json\/wp\/v2\/product_tag?post=695"}],"curies":[{"name":"wp","href":"https:\/\/api.w.org\/{rel}","templated":true}]}}