{"id":705,"date":"2023-04-06T19:34:33","date_gmt":"2023-04-06T19:34:33","guid":{"rendered":"https:\/\/igosiv.lt\/?post_type=product&#038;p=705"},"modified":"2023-04-06T19:34:33","modified_gmt":"2023-04-06T19:34:33","slug":"sraiges-pirsto-apatine-plokstele-28200150","status":"publish","type":"product","link":"https:\/\/igosiv.lt\/produktas\/sraiges-pirsto-apatine-plokstele-28200150\/","title":{"rendered":"Sraig\u0117s pir\u0161to apatin\u0117 plok\u0161tel\u0117 &#8211; 28200150"},"content":{"rendered":"<p>Kodai: D28200150, 28200150.<\/p>\n<p>Tinka:<\/p>\n<ul>\n<li>MASSEY FERGUSON: 24, 30, 32, 34, 36, 38, 40, 7242, 7250, 7252, 7254, 7256, 7272, 7274, 7278, 7276.<\/li>\n<li>DRONNINGBORG: D1200, D1250, D1600, D1650, D1900, D3000, D4000, D7000, D7000S, D7500, D8000, D8500.<\/li>\n<\/ul>\n","protected":false},"excerpt":{"rendered":"<p>Kodai: D28200150, 28200150. Tinka: MASSEY FERGUSON: 24, 30, 32, 34, 36, 38, 40, 7242, 7250, 7252, 7254, 7256, 7272, 7274, 7278, 7276. DRONNINGBORG: D1200, D1250, D1600, D1650, D1900, D3000, D4000, D7000, D7000S, D7500, D8000, D8500.<\/p>\n","protected":false},"featured_media":706,"comment_status":"open","ping_status":"closed","template":"","meta":[],"product_cat":[37,35],"product_tag":[],"aioseo_notices":[],"_links":{"self":[{"href":"https:\/\/igosiv.lt\/wp-json\/wp\/v2\/product\/705"}],"collection":[{"href":"https:\/\/igosiv.lt\/wp-json\/wp\/v2\/product"}],"about":[{"href":"https:\/\/igosiv.lt\/wp-json\/wp\/v2\/types\/product"}],"replies":[{"embeddable":true,"href":"https:\/\/igosiv.lt\/wp-json\/wp\/v2\/comments?post=705"}],"wp:featuredmedia":[{"embeddable":true,"href":"https:\/\/igosiv.lt\/wp-json\/wp\/v2\/media\/706"}],"wp:attachment":[{"href":"https:\/\/igosiv.lt\/wp-json\/wp\/v2\/media?parent=705"}],"wp:term":[{"taxonomy":"product_cat","embeddable":true,"href":"https:\/\/igosiv.lt\/wp-json\/wp\/v2\/product_cat?post=705"},{"taxonomy":"product_tag","embeddable":true,"href":"https:\/\/igosiv.lt\/wp-json\/wp\/v2\/product_tag?post=705"}],"curies":[{"name":"wp","href":"https:\/\/api.w.org\/{rel}","templated":true}]}}