{"id":711,"date":"2023-04-06T19:38:45","date_gmt":"2023-04-06T19:38:45","guid":{"rendered":"https:\/\/igosiv.lt\/?post_type=product&#038;p=711"},"modified":"2025-06-30T05:27:12","modified_gmt":"2025-06-30T05:27:12","slug":"elevatoriaus-zvaigzdute-28560008","status":"publish","type":"product","link":"https:\/\/igosiv.lt\/produktas\/elevatoriaus-zvaigzdute-28560008\/","title":{"rendered":"Elevatoriaus \u017evaig\u017edut\u0117 &#8211; 28560008"},"content":{"rendered":"<p>Dant\u0173 skai\u010dius: 9<\/p>\n<p>Vidinis skersmuo: 27 mm<\/p>\n<p>Kodai: D28560008, 28560008.<\/p>\n<p>Tinka:<\/p>\n<ul>\n<li>Dronningborg: D1900, D7000, D7200, D7500, D7800, D8000, D8500.<\/li>\n<li>Massey Ferguson: 24, 27, 29, 29XP, 30, 31, 32, 7250, 7252.<\/li>\n<\/ul>\n","protected":false},"excerpt":{"rendered":"<p>Dant\u0173 skai\u010dius: 9 Vidinis skersmuo: 27 mm Kodai: D28560008, 28560008. Tinka: Dronningborg: D1900, D7000, D7200, D7500, D7800, D8000, D8500. Massey Ferguson: 24, 27, 29, 29XP, 30, 31, 32, 7250, 7252.<\/p>\n","protected":false},"featured_media":712,"comment_status":"open","ping_status":"closed","template":"","meta":[],"product_cat":[37,35],"product_tag":[],"aioseo_notices":[],"_links":{"self":[{"href":"https:\/\/igosiv.lt\/wp-json\/wp\/v2\/product\/711"}],"collection":[{"href":"https:\/\/igosiv.lt\/wp-json\/wp\/v2\/product"}],"about":[{"href":"https:\/\/igosiv.lt\/wp-json\/wp\/v2\/types\/product"}],"replies":[{"embeddable":true,"href":"https:\/\/igosiv.lt\/wp-json\/wp\/v2\/comments?post=711"}],"wp:featuredmedia":[{"embeddable":true,"href":"https:\/\/igosiv.lt\/wp-json\/wp\/v2\/media\/712"}],"wp:attachment":[{"href":"https:\/\/igosiv.lt\/wp-json\/wp\/v2\/media?parent=711"}],"wp:term":[{"taxonomy":"product_cat","embeddable":true,"href":"https:\/\/igosiv.lt\/wp-json\/wp\/v2\/product_cat?post=711"},{"taxonomy":"product_tag","embeddable":true,"href":"https:\/\/igosiv.lt\/wp-json\/wp\/v2\/product_tag?post=711"}],"curies":[{"name":"wp","href":"https:\/\/api.w.org\/{rel}","templated":true}]}}