{"id":715,"date":"2023-04-06T19:49:56","date_gmt":"2023-04-06T19:49:56","guid":{"rendered":"https:\/\/igosiv.lt\/?post_type=product&#038;p=715"},"modified":"2023-04-06T19:49:56","modified_gmt":"2023-04-06T19:49:56","slug":"sraiges-pirsto-ivore-d28260314","status":"publish","type":"product","link":"https:\/\/igosiv.lt\/produktas\/sraiges-pirsto-ivore-d28260314\/","title":{"rendered":"Sraig\u0117s pir\u0161to \u012fvor\u0117 &#8211; D28260314"},"content":{"rendered":"<p>Vidinis skersmuo: 14 mm<\/p>\n<p>Kodai: 28260314, D28260314.<\/p>\n<p>Tinka:<\/p>\n<ul>\n<li>Dronningborg: D1200, D1250, D1600, D1650, D1900, D3000, D4500, D7000, D7200, D7500, D7800, D8000, D9000.<\/li>\n<li>Massey Ferguson: 24, 27, 29, 29XP, 31, 34.<\/li>\n<\/ul>\n","protected":false},"excerpt":{"rendered":"<p>Vidinis skersmuo: 14 mm Kodai: 28260314, D28260314. Tinka: Dronningborg: D1200, D1250, D1600, D1650, D1900, D3000, D4500, D7000, D7200, D7500, D7800, D8000, D9000. Massey Ferguson: 24, 27, 29, 29XP, 31, 34.<\/p>\n","protected":false},"featured_media":716,"comment_status":"open","ping_status":"closed","template":"","meta":[],"product_cat":[37,35],"product_tag":[],"aioseo_notices":[],"_links":{"self":[{"href":"https:\/\/igosiv.lt\/wp-json\/wp\/v2\/product\/715"}],"collection":[{"href":"https:\/\/igosiv.lt\/wp-json\/wp\/v2\/product"}],"about":[{"href":"https:\/\/igosiv.lt\/wp-json\/wp\/v2\/types\/product"}],"replies":[{"embeddable":true,"href":"https:\/\/igosiv.lt\/wp-json\/wp\/v2\/comments?post=715"}],"wp:featuredmedia":[{"embeddable":true,"href":"https:\/\/igosiv.lt\/wp-json\/wp\/v2\/media\/716"}],"wp:attachment":[{"href":"https:\/\/igosiv.lt\/wp-json\/wp\/v2\/media?parent=715"}],"wp:term":[{"taxonomy":"product_cat","embeddable":true,"href":"https:\/\/igosiv.lt\/wp-json\/wp\/v2\/product_cat?post=715"},{"taxonomy":"product_tag","embeddable":true,"href":"https:\/\/igosiv.lt\/wp-json\/wp\/v2\/product_tag?post=715"}],"curies":[{"name":"wp","href":"https:\/\/api.w.org\/{rel}","templated":true}]}}