{"id":721,"date":"2023-04-07T05:26:08","date_gmt":"2023-04-07T05:26:08","guid":{"rendered":"https:\/\/igosiv.lt\/?post_type=product&#038;p=721"},"modified":"2023-04-07T05:26:09","modified_gmt":"2023-04-07T05:26:09","slug":"elevatoriaus-zvaigzdute-z11212","status":"publish","type":"product","link":"https:\/\/igosiv.lt\/produktas\/elevatoriaus-zvaigzdute-z11212\/","title":{"rendered":"Elevatoriaus \u017evaig\u017edut\u0117 &#8211; Z11212"},"content":{"rendered":"<p>Dant\u0173 skai\u010dius: 8<\/p>\n<p>Vidinis skersmuo: 25 mm<\/p>\n<p>Kodas: Z11212.<\/p>\n<p>Tinka:<\/p>\n<ul>\n<li>JOHN DEERE: 965, 965H, 968H, 975, 1055, 1155, 1157, 1158, 1166, 1169, 1174, 1177, 1188.<\/li>\n<\/ul>\n","protected":false},"excerpt":{"rendered":"<p>Dant\u0173 skai\u010dius: 8 Vidinis skersmuo: 25 mm Kodas: Z11212. Tinka: JOHN DEERE: 965, 965H, 968H, 975, 1055, 1155, 1157, 1158, 1166, 1169, 1174, 1177, 1188.<\/p>\n","protected":false},"featured_media":722,"comment_status":"open","ping_status":"closed","template":"","meta":[],"product_cat":[39],"product_tag":[],"aioseo_notices":[],"_links":{"self":[{"href":"https:\/\/igosiv.lt\/wp-json\/wp\/v2\/product\/721"}],"collection":[{"href":"https:\/\/igosiv.lt\/wp-json\/wp\/v2\/product"}],"about":[{"href":"https:\/\/igosiv.lt\/wp-json\/wp\/v2\/types\/product"}],"replies":[{"embeddable":true,"href":"https:\/\/igosiv.lt\/wp-json\/wp\/v2\/comments?post=721"}],"wp:featuredmedia":[{"embeddable":true,"href":"https:\/\/igosiv.lt\/wp-json\/wp\/v2\/media\/722"}],"wp:attachment":[{"href":"https:\/\/igosiv.lt\/wp-json\/wp\/v2\/media?parent=721"}],"wp:term":[{"taxonomy":"product_cat","embeddable":true,"href":"https:\/\/igosiv.lt\/wp-json\/wp\/v2\/product_cat?post=721"},{"taxonomy":"product_tag","embeddable":true,"href":"https:\/\/igosiv.lt\/wp-json\/wp\/v2\/product_tag?post=721"}],"curies":[{"name":"wp","href":"https:\/\/api.w.org\/{rel}","templated":true}]}}