{"id":723,"date":"2023-04-07T05:31:08","date_gmt":"2023-04-07T05:31:08","guid":{"rendered":"https:\/\/igosiv.lt\/?post_type=product&#038;p=723"},"modified":"2023-04-07T05:31:08","modified_gmt":"2023-04-07T05:31:08","slug":"ausinimo-skyscio-zarna-z35156-z26807","status":"publish","type":"product","link":"https:\/\/igosiv.lt\/produktas\/ausinimo-skyscio-zarna-z35156-z26807\/","title":{"rendered":"Au\u0161inimo skys\u010dio \u017earna &#8211; Z35156, Z26807"},"content":{"rendered":"<p>Vidinis skersmuo vienos pus\u0117s: 39mm<\/p>\n<p>Vidinis skersmuo kitos pus\u0117s: 51mm<\/p>\n<p>Kodai: Z35156, Z26807.<\/p>\n<p>Tinka:<\/p>\n<ul>\n<li>JOHN DEERE (JD): 952, 955, 965\/965H\/968H, 1055, 1065\/1068H, 1072\/1075, 1155\/1157\/1158.<\/li>\n<\/ul>\n","protected":false},"excerpt":{"rendered":"<p>Vidinis skersmuo vienos pus\u0117s: 39mm Vidinis skersmuo kitos pus\u0117s: 51mm Kodai: Z35156, Z26807. Tinka: JOHN DEERE (JD): 952, 955, 965\/965H\/968H, 1055, 1065\/1068H, 1072\/1075, 1155\/1157\/1158.<\/p>\n","protected":false},"featured_media":724,"comment_status":"open","ping_status":"closed","template":"","meta":[],"product_cat":[39],"product_tag":[],"aioseo_notices":[],"_links":{"self":[{"href":"https:\/\/igosiv.lt\/wp-json\/wp\/v2\/product\/723"}],"collection":[{"href":"https:\/\/igosiv.lt\/wp-json\/wp\/v2\/product"}],"about":[{"href":"https:\/\/igosiv.lt\/wp-json\/wp\/v2\/types\/product"}],"replies":[{"embeddable":true,"href":"https:\/\/igosiv.lt\/wp-json\/wp\/v2\/comments?post=723"}],"wp:featuredmedia":[{"embeddable":true,"href":"https:\/\/igosiv.lt\/wp-json\/wp\/v2\/media\/724"}],"wp:attachment":[{"href":"https:\/\/igosiv.lt\/wp-json\/wp\/v2\/media?parent=723"}],"wp:term":[{"taxonomy":"product_cat","embeddable":true,"href":"https:\/\/igosiv.lt\/wp-json\/wp\/v2\/product_cat?post=723"},{"taxonomy":"product_tag","embeddable":true,"href":"https:\/\/igosiv.lt\/wp-json\/wp\/v2\/product_tag?post=723"}],"curies":[{"name":"wp","href":"https:\/\/api.w.org\/{rel}","templated":true}]}}