{"id":735,"date":"2023-04-07T05:54:43","date_gmt":"2023-04-07T05:54:43","guid":{"rendered":"https:\/\/igosiv.lt\/?post_type=product&#038;p=735"},"modified":"2023-04-07T05:54:43","modified_gmt":"2023-04-07T05:54:43","slug":"zvaigzdute-z10886-z11210","status":"publish","type":"product","link":"https:\/\/igosiv.lt\/produktas\/zvaigzdute-z10886-z11210\/","title":{"rendered":"\u017dvaig\u017edut\u0117 &#8211; Z10886, Z11210"},"content":{"rendered":"<p>Dant\u0173 skai\u010dius: 8<\/p>\n<p>Vidinis skersmuo: 30 mm<\/p>\n<p>Plotis: 16 mm<\/p>\n<p>Kodai: Z10886, Z11210.<\/p>\n<p>Tinka:<\/p>\n<ul>\n<li>JOHN DEERE: 965H, 968H, 975, 985, 1065, 1072, 1085, 1188, 965, 1068H, 1075.<\/li>\n<\/ul>\n","protected":false},"excerpt":{"rendered":"<p>Dant\u0173 skai\u010dius: 8 Vidinis skersmuo: 30 mm Plotis: 16 mm Kodai: Z10886, Z11210. Tinka: JOHN DEERE: 965H, 968H, 975, 985, 1065, 1072, 1085, 1188, 965, 1068H, 1075.<\/p>\n","protected":false},"featured_media":736,"comment_status":"open","ping_status":"closed","template":"","meta":[],"product_cat":[39],"product_tag":[],"aioseo_notices":[],"_links":{"self":[{"href":"https:\/\/igosiv.lt\/wp-json\/wp\/v2\/product\/735"}],"collection":[{"href":"https:\/\/igosiv.lt\/wp-json\/wp\/v2\/product"}],"about":[{"href":"https:\/\/igosiv.lt\/wp-json\/wp\/v2\/types\/product"}],"replies":[{"embeddable":true,"href":"https:\/\/igosiv.lt\/wp-json\/wp\/v2\/comments?post=735"}],"wp:featuredmedia":[{"embeddable":true,"href":"https:\/\/igosiv.lt\/wp-json\/wp\/v2\/media\/736"}],"wp:attachment":[{"href":"https:\/\/igosiv.lt\/wp-json\/wp\/v2\/media?parent=735"}],"wp:term":[{"taxonomy":"product_cat","embeddable":true,"href":"https:\/\/igosiv.lt\/wp-json\/wp\/v2\/product_cat?post=735"},{"taxonomy":"product_tag","embeddable":true,"href":"https:\/\/igosiv.lt\/wp-json\/wp\/v2\/product_tag?post=735"}],"curies":[{"name":"wp","href":"https:\/\/api.w.org\/{rel}","templated":true}]}}