{"id":737,"date":"2023-04-07T05:58:22","date_gmt":"2023-04-07T05:58:22","guid":{"rendered":"https:\/\/igosiv.lt\/?post_type=product&#038;p=737"},"modified":"2023-04-07T05:58:22","modified_gmt":"2023-04-07T05:58:22","slug":"zvaigzdute-z11515","status":"publish","type":"product","link":"https:\/\/igosiv.lt\/produktas\/zvaigzdute-z11515\/","title":{"rendered":"\u017dvaig\u017edut\u0117 &#8211; Z11515"},"content":{"rendered":"<p>Dant\u0173 skai\u010dius: 13<\/p>\n<p>Vidinis skersmuo: 40mm<\/p>\n<p>Tvirtinimo tipas: plei\u0161tas arba kai\u0161tis<\/p>\n<p>Kodas: Z11515.<\/p>\n<p>Tinka:<\/p>\n<ul>\n<li>JOHN DEERE: 1166, 1169, 1174, 1177, 1188, 1166HY, 1169HY, 1174HY, 1177HY, 1188H, 4425, 4435, 1177al, 1166 HYDRO 4, 1169 HYDRO 4, 1174 HYDRO 4, 1177 HYDRO 4, 4435 HYDRO, 1188 HYDRO 4, 1166H, 1169H, 1174H, 1177H.<\/li>\n<\/ul>\n","protected":false},"excerpt":{"rendered":"<p>Dant\u0173 skai\u010dius: 13 Vidinis skersmuo: 40mm Tvirtinimo tipas: plei\u0161tas arba kai\u0161tis Kodas: Z11515. Tinka: JOHN DEERE: 1166, 1169, 1174, 1177, 1188, 1166HY, 1169HY, 1174HY, 1177HY, 1188H, 4425, 4435, 1177al, 1166 HYDRO 4, 1169 HYDRO 4, 1174 HYDRO 4, 1177 HYDRO 4, 4435 HYDRO, 1188 HYDRO 4, 1166H, 1169H, 1174H, 1177H.<\/p>\n","protected":false},"featured_media":738,"comment_status":"open","ping_status":"closed","template":"","meta":[],"product_cat":[39],"product_tag":[],"aioseo_notices":[],"_links":{"self":[{"href":"https:\/\/igosiv.lt\/wp-json\/wp\/v2\/product\/737"}],"collection":[{"href":"https:\/\/igosiv.lt\/wp-json\/wp\/v2\/product"}],"about":[{"href":"https:\/\/igosiv.lt\/wp-json\/wp\/v2\/types\/product"}],"replies":[{"embeddable":true,"href":"https:\/\/igosiv.lt\/wp-json\/wp\/v2\/comments?post=737"}],"wp:featuredmedia":[{"embeddable":true,"href":"https:\/\/igosiv.lt\/wp-json\/wp\/v2\/media\/738"}],"wp:attachment":[{"href":"https:\/\/igosiv.lt\/wp-json\/wp\/v2\/media?parent=737"}],"wp:term":[{"taxonomy":"product_cat","embeddable":true,"href":"https:\/\/igosiv.lt\/wp-json\/wp\/v2\/product_cat?post=737"},{"taxonomy":"product_tag","embeddable":true,"href":"https:\/\/igosiv.lt\/wp-json\/wp\/v2\/product_tag?post=737"}],"curies":[{"name":"wp","href":"https:\/\/api.w.org\/{rel}","templated":true}]}}