{"id":759,"date":"2023-04-07T07:16:58","date_gmt":"2023-04-07T07:16:58","guid":{"rendered":"https:\/\/igosiv.lt\/?post_type=product&#038;p=759"},"modified":"2023-04-07T07:16:58","modified_gmt":"2023-04-07T07:16:58","slug":"zvaigzdute-z11211","status":"publish","type":"product","link":"https:\/\/igosiv.lt\/produktas\/zvaigzdute-z11211\/","title":{"rendered":"\u017dvaig\u017edut\u0117 &#8211; Z11211"},"content":{"rendered":"<p>Vidinis skersmuo: 30mm<\/p>\n<p>Dant\u0173 skai\u010dius: 8<\/p>\n<p>Plotis: 20mm<\/p>\n<p>Kodas: Z11211.<\/p>\n<p>Tinka:<\/p>\n<ul>\n<li>JOHN DEERE (JD): 965\/965H\/968H, 975, 985, 965\/965H\/968H, 975, 985, 1032\/1042\/1052, 1055, 1065\/1068H, 1072\/1075, 1085, 1166, 1169, 1174, 1177.<\/li>\n<\/ul>\n","protected":false},"excerpt":{"rendered":"<p>Vidinis skersmuo: 30mm Dant\u0173 skai\u010dius: 8 Plotis: 20mm Kodas: Z11211. Tinka: JOHN DEERE (JD): 965\/965H\/968H, 975, 985, 965\/965H\/968H, 975, 985, 1032\/1042\/1052, 1055, 1065\/1068H, 1072\/1075, 1085, 1166, 1169, 1174, 1177.<\/p>\n","protected":false},"featured_media":722,"comment_status":"open","ping_status":"closed","template":"","meta":[],"product_cat":[39],"product_tag":[],"aioseo_notices":[],"_links":{"self":[{"href":"https:\/\/igosiv.lt\/wp-json\/wp\/v2\/product\/759"}],"collection":[{"href":"https:\/\/igosiv.lt\/wp-json\/wp\/v2\/product"}],"about":[{"href":"https:\/\/igosiv.lt\/wp-json\/wp\/v2\/types\/product"}],"replies":[{"embeddable":true,"href":"https:\/\/igosiv.lt\/wp-json\/wp\/v2\/comments?post=759"}],"wp:featuredmedia":[{"embeddable":true,"href":"https:\/\/igosiv.lt\/wp-json\/wp\/v2\/media\/722"}],"wp:attachment":[{"href":"https:\/\/igosiv.lt\/wp-json\/wp\/v2\/media?parent=759"}],"wp:term":[{"taxonomy":"product_cat","embeddable":true,"href":"https:\/\/igosiv.lt\/wp-json\/wp\/v2\/product_cat?post=759"},{"taxonomy":"product_tag","embeddable":true,"href":"https:\/\/igosiv.lt\/wp-json\/wp\/v2\/product_tag?post=759"}],"curies":[{"name":"wp","href":"https:\/\/api.w.org\/{rel}","templated":true}]}}