{"id":806,"date":"2023-04-07T08:45:44","date_gmt":"2023-04-07T08:45:44","guid":{"rendered":"https:\/\/igosiv.lt\/?post_type=product&#038;p=806"},"modified":"2023-04-07T08:45:44","modified_gmt":"2023-04-07T08:45:44","slug":"dalgio-prispaudejas-80326896","status":"publish","type":"product","link":"https:\/\/igosiv.lt\/produktas\/dalgio-prispaudejas-80326896\/","title":{"rendered":"Dalgio prispaud\u0117jas &#8211; 80326896"},"content":{"rendered":"<p>Plotis: 76 mm<\/p>\n<p>Auk\u0161tis: 72 mm<\/p>\n<p>Montavimo ang\u0173 skai\u010dius: 2<\/p>\n<p>Tvirtinimo ang\u0173 skersmuo: 12 mm<\/p>\n<p>Kodai: 80384357, 9838318, 80326896, 206195M1.<\/p>\n<p>Tinka:<\/p>\n<ul>\n<li>MASSEY FERGUSON: 31, 86, 87, 99, 186, 187, 206, 240, 307, 400, 410, 415, 440, 487, 500, 506, 507, 510, 515, 520, 525, 620, 625, 740, 750, 760, 788.<\/li>\n<li>NEW HOLLAND: 8030, 8040, 8050, 8055, 8060, 8070, 8080, TC 52, TC 54, TF 42, TF 44, TF 46, TX 30, TX 32, TX 34, TX 36.<\/li>\n<\/ul>\n","protected":false},"excerpt":{"rendered":"<p>Plotis: 76 mm Auk\u0161tis: 72 mm Montavimo ang\u0173 skai\u010dius: 2 Tvirtinimo ang\u0173 skersmuo: 12 mm Kodai: 80384357, 9838318, 80326896, 206195M1. Tinka: MASSEY FERGUSON: 31, 86, 87, 99, 186, 187, 206, 240, 307, 400, 410, 415, 440, 487, 500, 506, 507, 510, 515, 520, 525, 620, 625, 740, 750, 760, 788. NEW HOLLAND: 8030, 8040, 8050,&#8230;<\/p>\n","protected":false},"featured_media":807,"comment_status":"open","ping_status":"closed","template":"","meta":[],"product_cat":[35,40],"product_tag":[],"aioseo_notices":[],"_links":{"self":[{"href":"https:\/\/igosiv.lt\/wp-json\/wp\/v2\/product\/806"}],"collection":[{"href":"https:\/\/igosiv.lt\/wp-json\/wp\/v2\/product"}],"about":[{"href":"https:\/\/igosiv.lt\/wp-json\/wp\/v2\/types\/product"}],"replies":[{"embeddable":true,"href":"https:\/\/igosiv.lt\/wp-json\/wp\/v2\/comments?post=806"}],"wp:featuredmedia":[{"embeddable":true,"href":"https:\/\/igosiv.lt\/wp-json\/wp\/v2\/media\/807"}],"wp:attachment":[{"href":"https:\/\/igosiv.lt\/wp-json\/wp\/v2\/media?parent=806"}],"wp:term":[{"taxonomy":"product_cat","embeddable":true,"href":"https:\/\/igosiv.lt\/wp-json\/wp\/v2\/product_cat?post=806"},{"taxonomy":"product_tag","embeddable":true,"href":"https:\/\/igosiv.lt\/wp-json\/wp\/v2\/product_tag?post=806"}],"curies":[{"name":"wp","href":"https:\/\/api.w.org\/{rel}","templated":true}]}}