{"id":897,"date":"2023-04-07T12:14:45","date_gmt":"2023-04-07T12:14:45","guid":{"rendered":"https:\/\/igosiv.lt\/?post_type=product&#038;p=897"},"modified":"2023-04-07T12:15:11","modified_gmt":"2023-04-07T12:15:11","slug":"dalgio-galvos-plokste-206196m1-80309169-309169","status":"publish","type":"product","link":"https:\/\/igosiv.lt\/produktas\/dalgio-galvos-plokste-206196m1-80309169-309169\/","title":{"rendered":"Dalgio galvos plok\u0161t\u0117 &#8211; 206196M1, 80309169"},"content":{"rendered":"<p>Plotis: 152 mm<\/p>\n<p>Auk\u0161tis: 41 mm<\/p>\n<p>Montavimo ang\u0173 skai\u010dius: 2<\/p>\n<p>Tvirtinimo ang\u0173 skersmuo: 24 mm<\/p>\n<p>Kodai: 206196M1, 80309169, 309169<\/p>\n<p>Tinka:<\/p>\n<ul>\n<li>MASSEY FERGUSON: 31, 86, 87, 99, 186, 187, 206, 240, 307, 400, 410, 415, 440, 487, 500, 506, 507, 510, 515, 520, 525, 620, 625, 788.NEW HOLLAND: 8030, 8040, 8050, 8055, 1500, 1520, 1530, 1540, 1545, 1550.<\/li>\n<\/ul>\n","protected":false},"excerpt":{"rendered":"<p>Plotis: 152 mm Auk\u0161tis: 41 mm Montavimo ang\u0173 skai\u010dius: 2 Tvirtinimo ang\u0173 skersmuo: 24 mm Kodai: 206196M1, 80309169, 309169 Tinka: MASSEY FERGUSON: 31, 86, 87, 99, 186, 187, 206, 240, 307, 400, 410, 415, 440, 487, 500, 506, 507, 510, 515, 520, 525, 620, 625, 788.NEW HOLLAND: 8030, 8040, 8050, 8055, 1500, 1520, 1530, 1540,&#8230;<\/p>\n","protected":false},"featured_media":898,"comment_status":"open","ping_status":"closed","template":"","meta":[],"product_cat":[35,40],"product_tag":[],"aioseo_notices":[],"_links":{"self":[{"href":"https:\/\/igosiv.lt\/wp-json\/wp\/v2\/product\/897"}],"collection":[{"href":"https:\/\/igosiv.lt\/wp-json\/wp\/v2\/product"}],"about":[{"href":"https:\/\/igosiv.lt\/wp-json\/wp\/v2\/types\/product"}],"replies":[{"embeddable":true,"href":"https:\/\/igosiv.lt\/wp-json\/wp\/v2\/comments?post=897"}],"wp:featuredmedia":[{"embeddable":true,"href":"https:\/\/igosiv.lt\/wp-json\/wp\/v2\/media\/898"}],"wp:attachment":[{"href":"https:\/\/igosiv.lt\/wp-json\/wp\/v2\/media?parent=897"}],"wp:term":[{"taxonomy":"product_cat","embeddable":true,"href":"https:\/\/igosiv.lt\/wp-json\/wp\/v2\/product_cat?post=897"},{"taxonomy":"product_tag","embeddable":true,"href":"https:\/\/igosiv.lt\/wp-json\/wp\/v2\/product_tag?post=897"}],"curies":[{"name":"wp","href":"https:\/\/api.w.org\/{rel}","templated":true}]}}