{"id":943,"date":"2023-04-08T18:00:29","date_gmt":"2023-04-08T18:00:29","guid":{"rendered":"https:\/\/igosiv.lt\/?post_type=product&#038;p=943"},"modified":"2023-08-05T18:15:14","modified_gmt":"2023-08-05T18:15:14","slug":"griztamasis-velenas-anna-5644710720-5644-71-072-0","status":"publish","type":"product","link":"https:\/\/igosiv.lt\/produktas\/griztamasis-velenas-anna-5644710720-5644-71-072-0\/","title":{"rendered":"Gr\u012f\u017etamasis velenas Anna 5644710720, 5644\/71-072\/0"},"content":{"rendered":"<p>Kodai:\u00a0<strong>5644710720, 5644\/71-072\/0<\/strong><\/p>\n","protected":false},"excerpt":{"rendered":"<pre id=\"tw-target-text\" class=\"tw-data-text tw-text-large tw-ta\" dir=\"ltr\" data-placeholder=\"Vertimas\"><span class=\"Y2IQFc\" lang=\"lt\">Bunkerio grind\u0173 konvejerio gr\u012f\u017etamasis velenas. \r\nTinka bulvi\u0173 kombainui Anna Z-644\r\nKodas:\u00a0<strong>5644710720<\/strong>\r\n<\/span><\/pre>\n","protected":false},"featured_media":944,"comment_status":"open","ping_status":"closed","template":"","meta":[],"product_cat":[20,27,32,29],"product_tag":[],"aioseo_notices":[],"_links":{"self":[{"href":"https:\/\/igosiv.lt\/wp-json\/wp\/v2\/product\/943"}],"collection":[{"href":"https:\/\/igosiv.lt\/wp-json\/wp\/v2\/product"}],"about":[{"href":"https:\/\/igosiv.lt\/wp-json\/wp\/v2\/types\/product"}],"replies":[{"embeddable":true,"href":"https:\/\/igosiv.lt\/wp-json\/wp\/v2\/comments?post=943"}],"wp:featuredmedia":[{"embeddable":true,"href":"https:\/\/igosiv.lt\/wp-json\/wp\/v2\/media\/944"}],"wp:attachment":[{"href":"https:\/\/igosiv.lt\/wp-json\/wp\/v2\/media?parent=943"}],"wp:term":[{"taxonomy":"product_cat","embeddable":true,"href":"https:\/\/igosiv.lt\/wp-json\/wp\/v2\/product_cat?post=943"},{"taxonomy":"product_tag","embeddable":true,"href":"https:\/\/igosiv.lt\/wp-json\/wp\/v2\/product_tag?post=943"}],"curies":[{"name":"wp","href":"https:\/\/api.w.org\/{rel}","templated":true}]}}